{"id":1906,"date":"2020-07-24T09:13:27","date_gmt":"2020-07-24T09:13:27","guid":{"rendered":"https:\/\/evoli.fr\/?page_id=1906"},"modified":"2020-10-12T08:05:31","modified_gmt":"2020-10-12T08:05:31","slug":"downloadable-content","status":"publish","type":"page","link":"https:\/\/evoli.fr\/en\/expert-en-technologies-fromageres-cles-en-mains\/downloadable-content\/","title":{"rendered":"Information to download"},"content":{"rendered":"<div id='full_slider_1'  class='avia-fullwidth-slider main_color avia-shadow   avia-builder-el-0  el_before_av_section  avia-builder-el-first  nc-banner  container_wrap fullsize' style=' '  ><div   data-size='featured'  data-lightbox_size='large'  data-animation='slide'  data-conditional_play=''  data-ids='1915'  data-video_counter='0'  data-autoplay='false'  data-bg_slider='false'  data-slide_height=''  data-handle='av_slideshow_full'  data-interval='5'  data-class=' '  data-el_id=''  data-css_id=''  data-scroll_down=''  data-control_layout='av-control-default'  data-custom_markup=''  data-perma_caption=''  data-autoplay_stopper=''  data-image_attachment=''  data-min_height='0px'  data-src=''  data-position='top left'  data-repeat='no-repeat'  data-attach='scroll'  data-stretch=''  data-default-height='24'  class='avia-slideshow avia-slideshow-1  av-control-default av-default-height-applied avia-slideshow-featured av_slideshow_full   avia-slide-slider'  itemprop=\"image\" itemscope=\"itemscope\" itemtype=\"https:\/\/schema.org\/ImageObject\" ><ul class='avia-slideshow-inner' style='padding-bottom: 24%;' ><li  class='av-single-slide slide-1' ><div data-rel='slideshow-1' class='avia-slide-wrap'   ><div class = \"caption_fullwidth av-slideshow-caption caption_center\"><div class = \"container caption_container\"><div class = \"slideshow_caption\"><div class = \"slideshow_inner_caption\"><div class = \"slideshow_align_caption\"><div class='avia-caption-content  av_inherit_color'  itemprop=\"description\"   style='font-size:40px; '><p>Information to download<\/p>\n<\/div><\/div><\/div><\/div><\/div><\/div><img src='https:\/\/evoli.fr\/wp-content\/uploads\/2020\/07\/dlc-1500x360.jpg' width='1500' height='360' title='dlc' alt=''  itemprop=\"thumbnailUrl\"   \/><div class='av-section-color-overlay' style='opacity: 0.7; background-color: #000000; '><\/div><\/div><\/li><\/ul><\/div><\/div>\n<div id='scroll'  class='avia-section main_color avia-section-default avia-no-border-styling avia-bg-style-scroll  avia-builder-el-1  el_after_av_slideshow_full  el_before_av_layout_row   av-mini-hide container_wrap fullsize' style=' '  ><div class='container' ><div class='template-page content  av-content-full alpha units'><div class='post-entry post-entry-type-page post-entry-1906'><div class='entry-content-wrapper clearfix'>\n<div  class='avia-button-wrap avia-button-center  avia-builder-el-2  avia-builder-el-no-sibling' ><a href='#acc-offre'  class='avia-button  av-button-notext   avia-icon_select-yes-left-icon avia-color-theme-color avia-size-x-large avia-position-center'   ><span class='avia_button_icon avia_button_icon_left' aria-hidden='true' data-av_icon='\ue877' data-av_iconfont='entypo-fontello'><\/span><span class='avia_iconbox_title' ><\/span><\/a><\/div>\n\n<\/div><\/div><\/div><!-- close content main div --><\/div><\/div><div id='acc-offre'  class='av-layout-grid-container entry-content-wrapper main_color av-flex-cells     avia-builder-el-3  el_after_av_section  avia-builder-el-last  submenu-not-first container_wrap fullsize' style=' '  >\n<div class=\"flex_cell no_margin av_one_full  avia-builder-el-4  avia-builder-el-no-sibling\" ><div class='flex_cell_inner' ><p><div class=\"flex_column av_one_full  flex_column_div av-zero-column-padding first  avia-builder-el-5  el_before_av_one_fourth  avia-builder-el-first\" style='border-radius:0px; '><div  style='padding-bottom:0px; margin:50px 0 50px 0; color:#0d3551;font-size:40px;' class='av-special-heading av-special-heading-h2 custom-color-heading blockquote modern-quote modern-centered  avia-builder-el-6  avia-builder-el-no-sibling  av-inherit-size'><div class ='av-subheading av-subheading_above av_custom_color' style='font-size:18px;'><p>Downloadable content<\/p>\n<\/div><h2 class='av-special-heading-tag'  itemprop=\"headline\"  >Documents<\/h2><div class='special-heading-border'><div class='special-heading-inner-border' style='border-color:#0d3551'><\/div><\/div><\/div><\/div><div class=\"flex_column av_one_fourth  flex_column_div av-zero-column-padding first  avia-builder-el-7  el_after_av_one_full  el_before_av_one_fourth  column-top-margin\" style='border-radius:0px; '><\/div><div class=\"flex_column av_one_fourth  av-animated-generic bottom-to-top  flex_column_div av-zero-column-padding   avia-builder-el-8  el_after_av_one_fourth  el_before_av_one_fourth  column-top-margin\" style='border-radius:0px; ' id=\"zone-dl\" ><p><div  class='avia-image-container  av-styling-    avia-builder-el-9  el_before_av_heading  avia-builder-el-first  avia-align-center'  itemprop=\"image\" itemscope=\"itemscope\" itemtype=\"https:\/\/schema.org\/ImageObject\"  ><div class='avia-image-container-inner'><div class='avia-image-overlay-wrap'><img class='avia_image' src='https:\/\/evoli.fr\/wp-content\/uploads\/2020\/10\/charte-engagement-rse-180x180.jpg' alt='' title='charte-engagement-rse' height=\"180\" width=\"180\"  itemprop=\"thumbnailUrl\"  \/><\/div><\/div><\/div><br \/>\n<div  style='padding-bottom:10px; font-size:18px;' class='av-special-heading av-special-heading-h3  blockquote modern-quote  avia-builder-el-10  el_after_av_image  el_before_av_button  av-inherit-size av-linked-heading'><h3 class='av-special-heading-tag'  itemprop=\"headline\"  ><a href=\"https:\/\/evoli.fr\/wp-content\/uploads\/2020\/10\/2020.09_CHARTE-RSE-EVOLI_V0.pdf\">Charte d\u2019engagement RSE<\/a><\/h3><div class ='av-subheading av-subheading_below' style='font-size:14px;'><p>Responsabilit\u00e9 soci\u00e9tale de l&rsquo;entreprise<\/p>\n<\/div><div class='special-heading-border'><div class='special-heading-inner-border' ><\/div><\/div><\/div><br \/>\n<div  class='avia-button-wrap avia-button-right  avia-builder-el-11  el_after_av_heading  avia-builder-el-last' ><a href='https:\/\/evoli.fr\/wp-content\/uploads\/2020\/10\/2020.09_CHARTE-RSE-EVOLI_V0.pdf'  class='avia-button  av-button-notext   avia-icon_select-yes-left-icon avia-color-theme-color avia-size-large avia-position-right'  target=\"_blank\"   ><span class='avia_button_icon avia_button_icon_left' aria-hidden='true' data-av_icon='\ue879' data-av_iconfont='entypo-fontello'><\/span><span class='avia_iconbox_title' ><\/span><\/a><\/div><\/p><\/div><div class=\"flex_column av_one_fourth  av-animated-generic bottom-to-top  flex_column_div av-zero-column-padding   avia-builder-el-12  el_after_av_one_fourth  el_before_av_one_fourth  column-top-margin\" style='border-radius:0px; ' id=\"zone-dl\" ><p><div  class='avia-image-container  av-styling-    avia-builder-el-13  el_before_av_heading  avia-builder-el-first  avia-align-center'  itemprop=\"image\" itemscope=\"itemscope\" itemtype=\"https:\/\/schema.org\/ImageObject\"  ><div class='avia-image-container-inner'><div class='avia-image-overlay-wrap'><img class='avia_image' src='https:\/\/evoli.fr\/wp-content\/uploads\/2020\/07\/Evoli-Cheese-Quality_EN_Web_V0-1-180x180.jpg' alt='' title='Evoli Cheese Quality_EN_Web_V0-1' height=\"180\" width=\"180\"  itemprop=\"thumbnailUrl\"  \/><\/div><\/div><\/div><br \/>\n<div  style='padding-bottom:10px; font-size:18px;' class='av-special-heading av-special-heading-h3  blockquote modern-quote  avia-builder-el-14  el_after_av_image  el_before_av_button  av-inherit-size av-linked-heading'><h3 class='av-special-heading-tag'  itemprop=\"headline\"  ><a href=\"https:\/\/evoli.fr\/wp-content\/uploads\/2020\/07\/Evoli-Cheese-Quality_EN_Web_V0_compressed.pdf\">The Concept of \u00ab\u00a0Evoli quality chesse\u00a0\u00bb<\/a><\/h3><div class ='av-subheading av-subheading_below' style='font-size:14px;'><p>How to make the best hard\/ semi-hard chesse<\/p>\n<\/div><div class='special-heading-border'><div class='special-heading-inner-border' ><\/div><\/div><\/div><br \/>\n<div  class='avia-button-wrap avia-button-right  avia-builder-el-15  el_after_av_heading  avia-builder-el-last' ><a href='https:\/\/evoli.fr\/wp-content\/uploads\/2020\/07\/Evoli-Cheese-Quality_EN_Web_V0_compressed.pdf'  class='avia-button  av-button-notext   avia-icon_select-yes-left-icon avia-color-theme-color avia-size-large avia-position-right'  target=\"_blank\"   ><span class='avia_button_icon avia_button_icon_left' aria-hidden='true' data-av_icon='\ue879' data-av_iconfont='entypo-fontello'><\/span><span class='avia_iconbox_title' ><\/span><\/a><\/div><\/p><\/div><div class=\"flex_column av_one_fourth  flex_column_div av-zero-column-padding   avia-builder-el-16  el_after_av_one_fourth  avia-builder-el-last  column-top-margin\" style='border-radius:0px; '><\/div><\/p>\n<\/div><\/div><\/div>","protected":false},"excerpt":{"rendered":"","protected":false},"author":3,"featured_media":0,"parent":19,"menu_order":0,"comment_status":"closed","ping_status":"closed","template":"","meta":[],"yoast_head":"<!-- This site is optimized with the Yoast SEO plugin v16.4 - https:\/\/yoast.com\/wordpress\/plugins\/seo\/ -->\n<title>Informations \u00e0 t\u00e9l\u00e9charger - Evoli - groupe Steap Stailor<\/title>\n<meta name=\"robots\" content=\"index, follow, max-snippet:-1, max-image-preview:large, max-video-preview:-1\" \/>\n<link rel=\"canonical\" href=\"https:\/\/evoli.fr\/en\/expert-en-technologies-fromageres-cles-en-mains\/downloadable-content\/\" \/>\n<meta property=\"og:locale\" content=\"en_GB\" \/>\n<meta property=\"og:type\" content=\"article\" \/>\n<meta property=\"og:title\" content=\"Informations \u00e0 t\u00e9l\u00e9charger - Evoli - groupe Steap Stailor\" \/>\n<meta property=\"og:url\" content=\"https:\/\/evoli.fr\/en\/expert-en-technologies-fromageres-cles-en-mains\/downloadable-content\/\" \/>\n<meta property=\"og:site_name\" content=\"Evoli - groupe Steap Stailor\" \/>\n<meta property=\"article:modified_time\" content=\"2020-10-12T08:05:31+00:00\" \/>\n<meta name=\"twitter:card\" content=\"summary_large_image\" \/>\n<meta name=\"twitter:label1\" content=\"Estimated reading time\" \/>\n\t<meta name=\"twitter:data1\" content=\"8 minutes\" \/>\n<script type=\"application\/ld+json\" class=\"yoast-schema-graph\">{\"@context\":\"https:\/\/schema.org\",\"@graph\":[{\"@type\":\"WebSite\",\"@id\":\"https:\/\/evoli.fr\/#website\",\"url\":\"https:\/\/evoli.fr\/\",\"name\":\"Evoli - groupe Steap Stailor\",\"description\":\"Expert en technologies fromag\\u00e8res\",\"potentialAction\":[{\"@type\":\"SearchAction\",\"target\":\"https:\/\/evoli.fr\/?s={search_term_string}\",\"query-input\":\"required name=search_term_string\"}],\"inLanguage\":\"en-GB\"},{\"@type\":\"WebPage\",\"@id\":\"https:\/\/evoli.fr\/expert-en-technologies-fromageres-cles-en-mains\/downloadable-content\/#webpage\",\"url\":\"https:\/\/evoli.fr\/expert-en-technologies-fromageres-cles-en-mains\/downloadable-content\/\",\"name\":\"Informations \\u00e0 t\\u00e9l\\u00e9charger - Evoli - groupe Steap Stailor\",\"isPartOf\":{\"@id\":\"https:\/\/evoli.fr\/#website\"},\"datePublished\":\"2020-07-24T09:13:27+00:00\",\"dateModified\":\"2020-10-12T08:05:31+00:00\",\"breadcrumb\":{\"@id\":\"https:\/\/evoli.fr\/expert-en-technologies-fromageres-cles-en-mains\/downloadable-content\/#breadcrumb\"},\"inLanguage\":\"en-GB\",\"potentialAction\":[{\"@type\":\"ReadAction\",\"target\":[\"https:\/\/evoli.fr\/expert-en-technologies-fromageres-cles-en-mains\/downloadable-content\/\"]}]},{\"@type\":\"BreadcrumbList\",\"@id\":\"https:\/\/evoli.fr\/expert-en-technologies-fromageres-cles-en-mains\/downloadable-content\/#breadcrumb\",\"itemListElement\":[{\"@type\":\"ListItem\",\"position\":1,\"item\":{\"@type\":\"WebPage\",\"@id\":\"https:\/\/evoli.fr\/\",\"url\":\"https:\/\/evoli.fr\/\",\"name\":\"Accueil\"}},{\"@type\":\"ListItem\",\"position\":2,\"item\":{\"@type\":\"WebPage\",\"@id\":\"https:\/\/evoli.fr\/\",\"url\":\"https:\/\/evoli.fr\/\",\"name\":\"Accueil\"}},{\"@type\":\"ListItem\",\"position\":3,\"item\":{\"@id\":\"https:\/\/evoli.fr\/expert-en-technologies-fromageres-cles-en-mains\/downloadable-content\/#webpage\"}}]}]}<\/script>\n<!-- \/ Yoast SEO plugin. -->","_links":{"self":[{"href":"https:\/\/evoli.fr\/en\/wp-json\/wp\/v2\/pages\/1906"}],"collection":[{"href":"https:\/\/evoli.fr\/en\/wp-json\/wp\/v2\/pages"}],"about":[{"href":"https:\/\/evoli.fr\/en\/wp-json\/wp\/v2\/types\/page"}],"author":[{"embeddable":true,"href":"https:\/\/evoli.fr\/en\/wp-json\/wp\/v2\/users\/3"}],"replies":[{"embeddable":true,"href":"https:\/\/evoli.fr\/en\/wp-json\/wp\/v2\/comments?post=1906"}],"version-history":[{"count":37,"href":"https:\/\/evoli.fr\/en\/wp-json\/wp\/v2\/pages\/1906\/revisions"}],"predecessor-version":[{"id":1977,"href":"https:\/\/evoli.fr\/en\/wp-json\/wp\/v2\/pages\/1906\/revisions\/1977"}],"up":[{"embeddable":true,"href":"https:\/\/evoli.fr\/en\/wp-json\/wp\/v2\/pages\/19"}],"wp:attachment":[{"href":"https:\/\/evoli.fr\/en\/wp-json\/wp\/v2\/media?parent=1906"}],"curies":[{"name":"wp","href":"https:\/\/api.w.org\/{rel}","templated":true}]}}