{"id":176,"date":"2019-09-23T14:46:28","date_gmt":"2019-09-23T14:46:28","guid":{"rendered":"https:\/\/evoli.fr\/?page_id=176"},"modified":"2019-12-10T10:34:52","modified_gmt":"2019-12-10T10:34:52","slug":"nos-engagements","status":"publish","type":"page","link":"https:\/\/evoli.fr\/es\/nos-engagements\/","title":{"rendered":"Nuestros compromisos"},"content":{"rendered":"<div id='full_slider_1'  class='avia-fullwidth-slider main_color avia-shadow   avia-builder-el-0  el_before_av_section  avia-builder-el-first  nc-banner  container_wrap fullsize' style=' '  ><div   data-size='featured'  data-lightbox_size='large'  data-animation='slide'  data-conditional_play=''  data-ids='179'  data-video_counter='0'  data-autoplay='false'  data-bg_slider='false'  data-slide_height=''  data-handle='av_slideshow_full'  data-interval='5'  data-class=' '  data-el_id=''  data-css_id=''  data-scroll_down=''  data-control_layout='av-control-default'  data-custom_markup=''  data-perma_caption=''  data-autoplay_stopper=''  data-image_attachment=''  data-min_height='0px'  data-src=''  data-position='top left'  data-repeat='no-repeat'  data-attach='scroll'  data-stretch=''  data-default-height='24'  class='avia-slideshow avia-slideshow-1  av-control-default av-default-height-applied avia-slideshow-featured av_slideshow_full   avia-slide-slider'  itemprop=\"image\" itemscope=\"itemscope\" itemtype=\"https:\/\/schema.org\/ImageObject\" ><ul class='avia-slideshow-inner' style='padding-bottom: 24%;' ><li  class='av-single-slide slide-1' ><div data-rel='slideshow-1' class='avia-slide-wrap'   ><div class = \"caption_fullwidth av-slideshow-caption caption_center\"><div class = \"container caption_container\"><div class = \"slideshow_caption\"><div class = \"slideshow_inner_caption\"><div class = \"slideshow_align_caption\"><h2  style='font-size:20px; ' class='avia-caption-title'  itemprop=\"name\" >Nuestro enfoque de Salud, Seguridad y Medio Ambiente (ESS)<\/h2><div class='avia-caption-content  av_inherit_color'  itemprop=\"description\"   style='font-size:40px; '><p>Nuestros compromisos<\/p>\n<\/div><\/div><\/div><\/div><\/div><\/div><img src='https:\/\/evoli.fr\/wp-content\/uploads\/2019\/09\/engagements-1500x360.jpg' width='1500' height='360' title='engagements' alt='engagements'  itemprop=\"thumbnailUrl\"   \/><div class='av-section-color-overlay' style='opacity: 0.7; background-color: #000000; '><\/div><\/div><\/li><\/ul><\/div><\/div>\n<div id='scroll'  class='avia-section main_color avia-section-default avia-no-border-styling avia-bg-style-scroll  avia-builder-el-1  el_after_av_slideshow_full  el_before_av_layout_row   av-mini-hide container_wrap fullsize' style='background-color: #fafafa;  '  ><div class='container' ><div class='template-page content  av-content-full alpha units'><div class='post-entry post-entry-type-page post-entry-176'><div class='entry-content-wrapper clearfix'>\n<div  class='avia-button-wrap avia-button-center  avia-builder-el-2  avia-builder-el-no-sibling' ><a href='#securite'  class='avia-button  av-button-notext   avia-icon_select-yes-left-icon avia-color-theme-color avia-size-x-large avia-position-center'   ><span class='avia_button_icon avia_button_icon_left' aria-hidden='true' data-av_icon='\ue877' data-av_iconfont='entypo-fontello'><\/span><span class='avia_iconbox_title' ><\/span><\/a><\/div>\n\n<\/div><\/div><\/div><!-- close content main div --><\/div><\/div><div id='securite'  class='av-layout-grid-container entry-content-wrapper main_color av-flex-cells     avia-builder-el-3  el_after_av_section  el_before_av_layout_row  bloc-qsn-acc submenu-not-first container_wrap fullsize' style=' '  >\n<div class=\"flex_cell no_margin av_two_third  avia-builder-el-4  el_before_av_cell_one_third  avia-builder-el-first   avia-full-contain\" style='background: #fafafa; vertical-align:middle; padding:80px; background-color:#fafafa; '><div class='flex_cell_inner' ><p><div  style='padding-bottom:35px; color:#0d3551;font-size:40px;' class='av-special-heading av-special-heading-h2 custom-color-heading blockquote modern-quote  avia-builder-el-5  el_before_av_textblock  avia-builder-el-first  av-inherit-size'><h2 class='av-special-heading-tag'  itemprop=\"headline\"  >Seguridad<\/h2><div class='special-heading-border'><div class='special-heading-inner-border' style='border-color:#0d3551'><\/div><\/div><\/div><br \/>\n<section class=\"av_textblock_section\"  itemscope=\"itemscope\" itemtype=\"https:\/\/schema.org\/CreativeWork\" ><div class='avia_textblock  av_inherit_color'  style='font-size:16px; color:#4F5B67; '  itemprop=\"text\" ><p>La salud y la seguridad de nuestros empleados, clientes y socios est\u00e1n en el centro de nuestra preocupaci\u00f3n. Integrado en el enfoque HSE basado en el referencial MASE y configurado a nivel del grupo Steap Stailor para armonizar m\u00e9todos y comportamientos, Evoli implementa en todas las etapas del proyecto las acciones necesarias para garantizar la aplicaci\u00f3n de las reglas establecidas.<\/p>\n<p>Fuertemente comprometida, la Administraci\u00f3n se apoya en un coordinador HSE para garantizar que todos los interesados est\u00e9n involucrados en el enfoque corporativo formalizado a trav\u00e9s de varios documentos: manual de HSE, reglas de HSE, documentos de registro, ... Se tiene en cuenta aspectos materiales, EPP, procedimientos, equipos, contexto de f\u00e1brica y tambi\u00e9n incluye acciones de sensibilizaci\u00f3n, capacitaci\u00f3n y comunicaci\u00f3n. Cada proyecto es objeto de especial atenci\u00f3n. Tras el alineamiento con la legislaci\u00f3n, el equipo de proyecto y el coordinador de seguridad aseguran la implementaci\u00f3n del enfoque. M\u00e1s all\u00e1 de este sistema, las auditor\u00edas de ESS se llevan a cabo cada a\u00f1o con un objetivo permanente de progreso continuo.<\/p>\n<\/div><\/section><br \/>\n<\/p>\n<\/div><\/div><div class=\"flex_cell no_margin av_one_third  avia-builder-el-8  el_after_av_cell_two_third  avia-builder-el-last   avia-full-stretch av-zero-padding\" style='background:url(https:\/\/evoli.fr\/wp-content\/uploads\/2019\/09\/securite.jpg) center center no-repeat scroll; vertical-align:top; padding:0px; '><div class='flex_cell_inner' ><\/div><\/div><\/div><div id='environnement'  class='av-layout-grid-container entry-content-wrapper main_color av-flex-cells     avia-builder-el-9  el_after_av_layout_row  el_before_av_layout_row  bloc-qsn-acc submenu-not-first container_wrap fullsize' style=' '  >\n<div class=\"flex_cell no_margin av_one_third  avia-builder-el-10  el_before_av_cell_two_third  avia-builder-el-first   avia-full-stretch av-zero-padding\" style='background:url(https:\/\/evoli.fr\/wp-content\/uploads\/2019\/09\/environnement.jpg) center center no-repeat scroll; vertical-align:middle; padding:0px; '><div class='flex_cell_inner' ><\/div><\/div><div class=\"flex_cell no_margin av_two_third  avia-builder-el-11  el_after_av_cell_one_third  avia-builder-el-last\" style='vertical-align:top; padding:80px; '><div class='flex_cell_inner' ><p><div  style='padding-bottom:35px; color:#0d3551;font-size:40px;' class='av-special-heading av-special-heading-h2 custom-color-heading blockquote modern-quote  avia-builder-el-12  el_before_av_textblock  avia-builder-el-first  av-inherit-size'><h2 class='av-special-heading-tag'  itemprop=\"headline\"  >Medio ambiente<\/h2><div class='special-heading-border'><div class='special-heading-inner-border' style='border-color:#0d3551'><\/div><\/div><\/div><br \/>\n<section class=\"av_textblock_section\"  itemscope=\"itemscope\" itemtype=\"https:\/\/schema.org\/CreativeWork\" ><div class='avia_textblock  av_inherit_color'  style='font-size:16px; color:#4F5B67; '  itemprop=\"text\" ><p>Integramos la dimensi\u00f3n ambiental en todas las etapas del dise\u00f1o y construcci\u00f3n de la instalaci\u00f3n. Ahorro de energ\u00eda, consumo reducido, recuperaci\u00f3n de productos o recuperaci\u00f3n de residuos y coproductos, todo est\u00e1 estudiado para ofrecer el mejor rendimiento ambiental.<\/p>\n<ul>\n<li>Ahorro de energ\u00eda y consumo de agua.<\/li>\n<li>Ahorro de recursos (ciclos de recuperaci\u00f3n)<\/li>\n<li>Recuperaci\u00f3n y clasificaci\u00f3n de residuos.<\/li>\n<li>Cogeneraci\u00f3n de biog\u00e1s<\/li>\n<\/ul>\n<\/div><\/section><br \/>\n<\/p>\n<\/div><\/div>\n<\/div><\/p>\n<div id='economie'  class='av-layout-grid-container entry-content-wrapper main_color av-flex-cells     avia-builder-el-15  el_after_av_layout_row  el_before_av_layout_row  bloc-qsn-acc submenu-not-first container_wrap fullsize' style=' '  >\n<div class=\"flex_cell no_margin av_two_third  avia-builder-el-16  el_before_av_cell_one_third  avia-builder-el-first   avia-full-contain\" style='background: #fafafa; vertical-align:middle; padding:80px; background-color:#fafafa; '><div class='flex_cell_inner' ><p><div  style='padding-bottom:35px; color:#0d3551;font-size:40px;' class='av-special-heading av-special-heading-h2 custom-color-heading blockquote modern-quote  avia-builder-el-17  el_before_av_textblock  avia-builder-el-first  av-inherit-size'><h2 class='av-special-heading-tag'  itemprop=\"headline\"  >Econom\u00eda<\/h2><div class='special-heading-border'><div class='special-heading-inner-border' style='border-color:#0d3551'><\/div><\/div><\/div><br \/>\n<section class=\"av_textblock_section\"  itemscope=\"itemscope\" itemtype=\"https:\/\/schema.org\/CreativeWork\" ><div class='avia_textblock  av_inherit_color'  style='font-size:16px; color:#4F5B67; '  itemprop=\"text\" ><p>Mejorar el tiempo de puesta en marcha en el mercado, optimizar el costo general de la instalaci\u00f3n y el retorno de la inversi\u00f3n, son los objetivos colocados en el centro de nuestras preocupaciones desde el dise\u00f1o y durante todo el proyecto para garantizar un alto nivel de rendimiento del proceso<\/p>\n<p>Este enfoque se centra particularmente en los siguientes criterios:<\/p>\n<ul>\n<li>Capacidad de producci\u00f3n<\/li>\n<li>Calidad de fabricaci\u00f3n<\/li>\n<li>Consumo de energ\u00eda<\/li>\n<li>Recuperaci\u00f3n de productos<\/li>\n<li>Eficiencia de limpieza<\/li>\n<\/ul>\n<\/div><\/section><br \/>\n<\/p>\n<\/div><\/div><div class=\"flex_cell no_margin av_one_third  avia-builder-el-20  el_after_av_cell_two_third  avia-builder-el-last   avia-full-stretch av-zero-padding\" style='background:url(https:\/\/evoli.fr\/wp-content\/uploads\/2019\/09\/economie.jpg) center center no-repeat scroll; vertical-align:top; padding:0px; '><div class='flex_cell_inner' ><\/div><\/div>\n<\/div>\n<div id='societal'  class='av-layout-grid-container entry-content-wrapper main_color av-flex-cells     avia-builder-el-21  el_after_av_layout_row  el_before_av_layout_row  bloc-qsn-acc submenu-not-first container_wrap fullsize' style=' '  >\n<div class=\"flex_cell no_margin av_one_third  avia-builder-el-22  el_before_av_cell_two_third  avia-builder-el-first   avia-full-stretch av-zero-padding\" style='background:url(https:\/\/evoli.fr\/wp-content\/uploads\/2019\/09\/societal.jpg) center center no-repeat scroll; vertical-align:middle; padding:0px; '><div class='flex_cell_inner' ><\/div><\/div><div class=\"flex_cell no_margin av_two_third  avia-builder-el-23  el_after_av_cell_one_third  avia-builder-el-last\" style='vertical-align:top; padding:80px; '><div class='flex_cell_inner' ><p><div  style='padding-bottom:35px; color:#0d3551;font-size:40px;' class='av-special-heading av-special-heading-h2 custom-color-heading blockquote modern-quote  avia-builder-el-24  el_before_av_textblock  avia-builder-el-first  av-inherit-size'><h2 class='av-special-heading-tag'  itemprop=\"headline\"  >Societal<\/h2><div class='special-heading-border'><div class='special-heading-inner-border' style='border-color:#0d3551'><\/div><\/div><\/div><br \/>\n<section class=\"av_textblock_section\"  itemscope=\"itemscope\" itemtype=\"https:\/\/schema.org\/CreativeWork\" ><div class='avia_textblock  av_inherit_color'  style='font-size:16px; color:#4F5B67; '  itemprop=\"text\" ><p>La combinaci\u00f3n de los valores del mundo industrial y deportivo es la base del grupo Steap Stailor. Estos se traducen en un convenio deportivo con el FC Grenoble Rugby a largo plazo desde hace m\u00e1s de 20 a\u00f1os. Complementariedad, respeto mutuo y compromiso colectivo, estos son los valores del rugby que nos federan y contribuyen a fortalecer nuestra identidad.<\/p>\n<blockquote>\n<p>\"Este emocionante deporte que es el rugby nos brinda todo el coraje, la abnegaci\u00f3n y un agudo sentido de combatividad, que es esencial para el desarrollo de nuestras empresas\". Jacques Chabut, fundador de Steap Stailor.<\/p>\n<\/blockquote>\n<p>Creado en 1911, el F.C.Grenoble Rugby evoluciona durante d\u00e9cadas en la \u00e9lite del rugby franc\u00e9s. Fuertemente arraigado en el paisaje alpino y fuerza impulsora del deporte local, el FCG es un participante fuerte y din\u00e1mico en la influencia de la regi\u00f3n m\u00e1s all\u00e1 de las fronteras nacionales.<\/p>\n<\/div><\/section><br \/>\n<\/p>\n<\/div><\/div><\/div><div id='bloc-qsn-acc'  class='av-layout-grid-container entry-content-wrapper main_color av-flex-cells     avia-builder-el-27  el_after_av_layout_row  avia-builder-el-last  submenu-not-first container_wrap fullsize' style=' '  >\n<div class=\"flex_cell no_margin av_one_third  avia-builder-el-28  el_before_av_cell_two_third  avia-builder-el-first   avia-full-stretch\" style='background:url(https:\/\/evoli.fr\/wp-content\/uploads\/2019\/09\/Photo-8.jpg) center center no-repeat scroll; vertical-align:middle; padding:0px 0px 0px 0px ; '><div class='flex_cell_inner' ><\/div><\/div><div class=\"flex_cell no_margin av_two_third  avia-builder-el-29  el_after_av_cell_one_third  avia-builder-el-last\" style='vertical-align:top; padding:80px; '><div class='flex_cell_inner' ><p><section class=\"av_textblock_section\"  itemscope=\"itemscope\" itemtype=\"https:\/\/schema.org\/CreativeWork\" ><div class='avia_textblock  av_inherit_color'  style='font-size:16px; color:#4F5B67; '  itemprop=\"text\" ><p>M\u00e1s de 50 a\u00f1os despu\u00e9s de los \u00faltimos Juegos Ol\u00edmpicos de Invierno en Grenoble, lugar de nacimiento del grupo Steap Stailor, decidimos patrocinar una joven esgrimista en su preparaci\u00f3n. En busca de una calificaci\u00f3n para los Juegos Ol\u00edmpicos de Tokio 2020, Malina Vongsavady, originaria del Valle Gr\u00e9sivaudan ubicado a las puertas de Grenoble, es miembro del Equipo de Esgrima franc\u00e9s. Porque los valores deportivos son parte del ADN de Steap Stailor, nuestros colores ser\u00e1n tambi\u00e9n representados en cada combate con destreza, precisi\u00f3n y velocidad de ejecuci\u00f3n.<\/p>\n<\/div><\/section><br \/>\n<\/p>\n<\/div><\/div><\/div><\/p>","protected":false},"excerpt":{"rendered":"","protected":false},"author":1,"featured_media":0,"parent":0,"menu_order":0,"comment_status":"closed","ping_status":"closed","template":"","meta":[],"yoast_head":"<!-- This site is optimized with the Yoast SEO plugin v16.4 - https:\/\/yoast.com\/wordpress\/plugins\/seo\/ -->\n<title>Evoli, Expert en technologies fromag\u00e8res - Nos engagements<\/title>\n<meta name=\"robots\" content=\"index, follow, max-snippet:-1, max-image-preview:large, max-video-preview:-1\" \/>\n<link rel=\"canonical\" href=\"https:\/\/evoli.fr\/es\/nos-engagements\/\" \/>\n<meta property=\"og:locale\" content=\"es_ES\" \/>\n<meta property=\"og:type\" content=\"article\" \/>\n<meta property=\"og:title\" content=\"Evoli, Expert en technologies fromag\u00e8res - Nos engagements\" \/>\n<meta property=\"og:url\" content=\"https:\/\/evoli.fr\/es\/nos-engagements\/\" \/>\n<meta property=\"og:site_name\" content=\"Evoli - groupe Steap Stailor\" \/>\n<meta property=\"article:modified_time\" content=\"2019-12-10T10:34:52+00:00\" \/>\n<meta name=\"twitter:card\" content=\"summary_large_image\" \/>\n<meta name=\"twitter:label1\" content=\"Tiempo de lectura\" \/>\n\t<meta name=\"twitter:data1\" content=\"13 minutos\" \/>\n<script type=\"application\/ld+json\" class=\"yoast-schema-graph\">{\"@context\":\"https:\/\/schema.org\",\"@graph\":[{\"@type\":\"WebSite\",\"@id\":\"https:\/\/evoli.fr\/#website\",\"url\":\"https:\/\/evoli.fr\/\",\"name\":\"Evoli - groupe Steap Stailor\",\"description\":\"Expert en technologies fromag\\u00e8res\",\"potentialAction\":[{\"@type\":\"SearchAction\",\"target\":\"https:\/\/evoli.fr\/?s={search_term_string}\",\"query-input\":\"required name=search_term_string\"}],\"inLanguage\":\"es\"},{\"@type\":\"WebPage\",\"@id\":\"https:\/\/evoli.fr\/nos-engagements\/#webpage\",\"url\":\"https:\/\/evoli.fr\/nos-engagements\/\",\"name\":\"Evoli, Expert en technologies fromag\\u00e8res - Nos engagements\",\"isPartOf\":{\"@id\":\"https:\/\/evoli.fr\/#website\"},\"datePublished\":\"2019-09-23T14:46:28+00:00\",\"dateModified\":\"2019-12-10T10:34:52+00:00\",\"breadcrumb\":{\"@id\":\"https:\/\/evoli.fr\/nos-engagements\/#breadcrumb\"},\"inLanguage\":\"es\",\"potentialAction\":[{\"@type\":\"ReadAction\",\"target\":[\"https:\/\/evoli.fr\/nos-engagements\/\"]}]},{\"@type\":\"BreadcrumbList\",\"@id\":\"https:\/\/evoli.fr\/nos-engagements\/#breadcrumb\",\"itemListElement\":[{\"@type\":\"ListItem\",\"position\":1,\"item\":{\"@type\":\"WebPage\",\"@id\":\"https:\/\/evoli.fr\/\",\"url\":\"https:\/\/evoli.fr\/\",\"name\":\"Accueil\"}},{\"@type\":\"ListItem\",\"position\":2,\"item\":{\"@id\":\"https:\/\/evoli.fr\/nos-engagements\/#webpage\"}}]}]}<\/script>\n<!-- \/ Yoast SEO plugin. -->","_links":{"self":[{"href":"https:\/\/evoli.fr\/es\/wp-json\/wp\/v2\/pages\/176"}],"collection":[{"href":"https:\/\/evoli.fr\/es\/wp-json\/wp\/v2\/pages"}],"about":[{"href":"https:\/\/evoli.fr\/es\/wp-json\/wp\/v2\/types\/page"}],"author":[{"embeddable":true,"href":"https:\/\/evoli.fr\/es\/wp-json\/wp\/v2\/users\/1"}],"replies":[{"embeddable":true,"href":"https:\/\/evoli.fr\/es\/wp-json\/wp\/v2\/comments?post=176"}],"version-history":[{"count":59,"href":"https:\/\/evoli.fr\/es\/wp-json\/wp\/v2\/pages\/176\/revisions"}],"predecessor-version":[{"id":1833,"href":"https:\/\/evoli.fr\/es\/wp-json\/wp\/v2\/pages\/176\/revisions\/1833"}],"wp:attachment":[{"href":"https:\/\/evoli.fr\/es\/wp-json\/wp\/v2\/media?parent=176"}],"curies":[{"name":"wp","href":"https:\/\/api.w.org\/{rel}","templated":true}]}}