{"id":405,"date":"2019-09-24T12:57:31","date_gmt":"2019-09-24T12:57:31","guid":{"rendered":"https:\/\/evoli.fr\/?page_id=405"},"modified":"2020-02-03T08:15:23","modified_gmt":"2020-02-03T08:15:23","slug":"nous-connaitre","status":"publish","type":"page","link":"https:\/\/evoli.fr\/es\/nous-connaitre\/","title":{"rendered":"Conocernos"},"content":{"rendered":"<div id='full_slider_1'  class='avia-fullwidth-slider main_color avia-shadow   avia-builder-el-0  el_before_av_section  avia-builder-el-first   container_wrap fullsize' style=' '  ><div   data-size='featured'  data-lightbox_size='large'  data-animation='slide'  data-conditional_play=''  data-ids='6'  data-video_counter='0'  data-autoplay='false'  data-bg_slider='false'  data-slide_height=''  data-handle='av_slideshow_full'  data-interval='5'  data-class=' '  data-el_id=''  data-css_id=''  data-scroll_down=''  data-control_layout='av-control-default'  data-custom_markup=''  data-perma_caption=''  data-autoplay_stopper=''  data-image_attachment=''  data-min_height='0px'  data-src=''  data-position='top left'  data-repeat='no-repeat'  data-attach='scroll'  data-stretch=''  data-default-height='24'  class='avia-slideshow avia-slideshow-1  av-control-default av-default-height-applied avia-slideshow-featured av_slideshow_full   avia-slide-slider'  itemprop=\"image\" itemscope=\"itemscope\" itemtype=\"https:\/\/schema.org\/ImageObject\" ><ul class='avia-slideshow-inner' style='padding-bottom: 24%;' ><li  class='av-single-slide slide-1' ><div data-rel='slideshow-1' class='avia-slide-wrap'   ><div class = \"caption_fullwidth av-slideshow-caption caption_center\"><div class = \"container caption_container\"><div class = \"slideshow_caption\"><div class = \"slideshow_inner_caption\"><div class = \"slideshow_align_caption\"><h2  class='avia-caption-title'  itemprop=\"name\" >Conocernos<\/h2><div class='avia-caption-content'  itemprop=\"description\"  ><p>Una empresa francesa<\/p>\n<\/div><\/div><\/div><\/div><\/div><\/div><img src='https:\/\/evoli.fr\/wp-content\/uploads\/2019\/09\/evoli-doubs-1500x360.jpg' width='1500' height='360' title='evoli-doubs' alt='Photo r\u00e9gion Doubs'  itemprop=\"thumbnailUrl\"   \/><div class='av-section-color-overlay' style='opacity: 0.7; background-color: #000000; '><\/div><\/div><\/li><\/ul><\/div><\/div>\n<\/div><\/div><\/div><!-- close content main div --><\/div><\/div><div id='bloc-qsn-acc'  class='av-layout-grid-container entry-content-wrapper main_color av-flex-cells     container_wrap fullsize' style=' '  >\n<div class=\"flex_cell no_margin av_two_third\" style='background: #fafafa; vertical-align:middle; padding:80px; background-color:#fafafa; '><div class='flex_cell_inner' ><p><div  style='padding-bottom:35px; color:#0d3551;font-size:40px;' class='av-special-heading av-special-heading-h2 custom-color-heading blockquote modern-quote  av-inherit-size'><div class ='av-subheading av-subheading_above av_custom_color' style='font-size:18px;'><p>Qui\u00e9nes somos<\/p>\n<\/div><h2 class='av-special-heading-tag'  itemprop=\"headline\"  >Conocernos<\/h2><div class='special-heading-border'><div class='special-heading-inner-border' style='border-color:#0d3551'><\/div><\/div><\/div><br \/>\n<section class=\"av_textblock_section\"  itemscope=\"itemscope\" itemtype=\"https:\/\/schema.org\/CreativeWork\" ><div class='avia_textblock  av_inherit_color'  style='font-size:16px; color:#4F5B67; '  itemprop=\"text\" ><p style=\"text-align: left;\">Sp\u00e9cialistes des technologies de type p\u00e2tes press\u00e9es cuites ou non cuites (PPC \u2013 PPNC), nous proposons des solutions de process et m\u00e9canisation destin\u00e9es \u00e0 l\u2019industrie fromag\u00e8re : traitement du lait et lactos\u00e9rum, cuve de coagulation, moulage, pressage, saumurage, nettoyage en place. Fort de notre int\u00e9gration au sein du Groupe <strong>Steap Stailor<\/strong> en 2018, nous disposons de l\u2019ensemble des comp\u00e9tences et moyens pour assurer la conception, la r\u00e9alisation, mise en service et maintenance des modules ou ateliers de fabrication propos\u00e9s.<\/p>\n<p>Nos \u00e9quipes pluridisciplinaires, experts dans les domaines de la technologie fromag\u00e8re, garantissent un suivi et contr\u00f4les permanents au cours de chacune des \u00e9tapes de gestion et production du projet, pour que les notions de rigueur, qualit\u00e9 et service qui animent le Groupe soient pleinement exprim\u00e9es.<\/p>\n<p>Hist\u00f3ricamente ubicados en el coraz\u00f3n de la regi\u00f3n de Franche-Comt\u00e9 (Francia), conocida por sus quesos DOP de alta calidad, la compa\u00f1\u00eda ha desarrollado su experiencia entre el terru\u00f1o, la tradici\u00f3n del queso y las tecnolog\u00edas avanzadas. Fuertemente anclado en el territorio nacional, nuestro campo de acci\u00f3n se ha expandido internacionalmente para participar en la influencia de la excelencia francesa reconocida en el campo de la producci\u00f3n de queso.<\/p>\n<\/div><\/section><\/p>\n<\/div><\/div><div class=\"flex_cell no_margin av_one_third   av-zero-padding\" style='background: #fafafa; vertical-align:middle; padding:0px; background-color:#fafafa; '><div class='flex_cell_inner' ><div  class='avia-image-container  av-styling-no-styling av-hover-grow   avia-align-center'  itemprop=\"image\" itemscope=\"itemscope\" itemtype=\"https:\/\/schema.org\/ImageObject\"  ><div class='avia-image-container-inner'><div class='avia-image-overlay-wrap'><img class='avia_image' src='https:\/\/evoli.fr\/wp-content\/uploads\/2019\/09\/atelier-mecanisation-495x400.png' alt='' title=''   itemprop=\"thumbnailUrl\"  \/><\/div><\/div><\/div>\n<\/div><\/div><\/div><\/div><\/div><\/div><!-- close content main div --><\/div><\/div><div id='bloc-qsn-acc'  class='av-layout-grid-container entry-content-wrapper main_color av-flex-cells     container_wrap fullsize' style=' '  >\n<div class=\"flex_cell no_margin av_one_third   av-zero-padding\" style='vertical-align:middle; padding:0px; '><div class='flex_cell_inner' ><div  class='avia-image-container  av-styling-no-styling av-hover-grow   avia-align-center'  itemprop=\"image\" itemscope=\"itemscope\" itemtype=\"https:\/\/schema.org\/ImageObject\"  ><div class='avia-image-container-inner'><div class='avia-image-overlay-wrap'><img class='avia_image' src='https:\/\/evoli.fr\/wp-content\/uploads\/2019\/09\/usine-cle-en-main-495x400.png' alt='' title=''   itemprop=\"thumbnailUrl\"  \/><\/div><\/div><\/div>\n<\/div><\/div><div class=\"flex_cell no_margin av_two_third\" style='vertical-align:top; padding:80px; '><div class='flex_cell_inner' ><p><div  style='padding-bottom:35px; color:#0d3551;font-size:40px;' class='av-special-heading av-special-heading-h2 custom-color-heading blockquote modern-quote  av-inherit-size'><div class ='av-subheading av-subheading_above av_custom_color' style='font-size:18px;'><p>Grupo Steap Stailor<\/p>\n<\/div><h2 class='av-special-heading-tag'  itemprop=\"headline\"  >Una empresa francesa<\/h2><div class='special-heading-border'><div class='special-heading-inner-border' style='border-color:#0d3551'><\/div><\/div><\/div><br \/>\n<section class=\"av_textblock_section\"  itemscope=\"itemscope\" itemtype=\"https:\/\/schema.org\/CreativeWork\" ><div class='avia_textblock  av_inherit_color'  style='font-size:16px; color:#4F5B67; '  itemprop=\"text\" ><p style=\"text-align: left;\">Le Groupe Steap Stailor est une PME familiale fran\u00e7aise qui trouve son origine d\u00e8s 1980. Sp\u00e9cialiste des proc\u00e9d\u00e9s dans les domaines de l\u2019agro-alimentaire, de la sant\u00e9 et des biotechnologies, le groupe se d\u00e9veloppe et diversifie ses champs de comp\u00e9tences pour se positionner comme leader dans le domaine de l\u2019Int\u00e9gration industrielle en France et \u00e0 l\u2019International.<\/p>\n<p>Fort de la diversit\u00e9 de notre offre, le Groupe Steap Stailor est en mesure d\u2019assurer la r\u00e9alisation compl\u00e8te d\u2019une installation fromag\u00e8re par l\u2019association et la coordination de chacune des soci\u00e9t\u00e9s bas\u00e9es sur le territoire fran\u00e7ais qui composent le Groupe :<\/p>\n<ul>\n<li><strong>Steap Stailor - Integrador de procesos<\/strong> : Traitement du lait et lacto- s\u00e9rums<\/li>\n<li><strong>Evoli - Experto en tecnolog\u00edas de queso<\/strong> : Mecanizaci\u00f3n<\/li>\n<li class=\" translation-block\"><strong>Citec - Integrador de fluidos y energ\u00eda<\/strong>: Generadores y distribuci\u00f3n de energ\u00eda<\/li>\n<\/ul>\n<\/div><\/section><\/p>\n<\/div><\/div><\/div><\/div><\/div><\/div><!-- close content main div --><\/div><\/div><div id='bloc-qsn-acc'  class='av-layout-grid-container entry-content-wrapper main_color av-flex-cells     container_wrap fullsize' style=' '  >\n<div class=\"flex_cell no_margin av_two_third\" style='background: #fafafa; vertical-align:middle; padding:80px; background-color:#fafafa; '><div class='flex_cell_inner' ><p><div  style='padding-bottom:35px; color:#0d3551;font-size:40px;' class='av-special-heading av-special-heading-h2 custom-color-heading blockquote modern-quote  av-inherit-size'><div class ='av-subheading av-subheading_above av_custom_color' style='font-size:18px;'><p>Una empresa francesa<\/p>\n<\/div><h2 class='av-special-heading-tag'  itemprop=\"headline\"  >Grupo Steap Stailor<\/h2><div class='special-heading-border'><div class='special-heading-inner-border' style='border-color:#0d3551'><\/div><\/div><\/div><br \/>\n<section class=\"av_textblock_section\"  itemscope=\"itemscope\" itemtype=\"https:\/\/schema.org\/CreativeWork\" ><div class='avia_textblock  av_inherit_color'  style='font-size:16px; color:#4F5B67; '  itemprop=\"text\" ><p style=\"text-align: left;\">Steap Stailor, con sede en Grenoble (Rh\u00f4ne Alpes - Francia), es un experto en procesos l\u00edquidos y pastosos. Fuertemente anclado por una red de proximidad que consta de 4 agencias (Grenoble, Metz, Rennes, Tarbes - Francia), Steap Stailor es el garante de un estudio y realizaci\u00f3n de alta calidad del proceso de tratamiento de la leche, necesariamente constitutivo del desempe\u00f1o de los equipos y unidades de Evoli.<\/p>\n<p>La soci\u00e9t\u00e9 Citec, bas\u00e9e \u00e0 Rennes (Bretagne &#8211; France) et cr\u00e9\u00e9e en 2000,\u00a0 a rejoint le Groupe Steap Stailor en 2012. Sp\u00e9cialiste de l\u2019\u00e9tude et r\u00e9alisation de projets industriels en lien avec la production et distribution d\u2019\u00e9nergies (air comprim\u00e9, vapeur propre ou industrielle, eau glac\u00e9e ou glycol\u00e9e, traitement de l\u2019eau \u2026), Citec apportera toute son expertise et sa contribution \u00e0 la r\u00e9alisation des p\u00e9riph\u00e9riques \u00e9nerg\u00e9tiques de la fromagerie.<\/p>\n<p>Port\u00e9e par la synergie d\u2019un Groupe, la soci\u00e9t\u00e9 Evoli est ainsi en mesure d\u2019affirmer sa position de leader sur le march\u00e9 en proposant des solutions cl\u00e9s en main en France, Europe et bien au-del\u00e0 de ses fronti\u00e8res, support\u00e9 par le r\u00e9seau de structures internationales du Groupe :<\/p>\n<ul>\n<li class=\" translation-block\"><strong>Steap Stailor \u00c1frica <\/strong>| Casablanca - Marruecos<\/li>\n<li class=\" translation-block\"><strong>Steap Stailor Rusia y CEI <\/strong>| Mosc\u00fa - Rusia<\/li>\n<li class=\" translation-block\"><strong>Steap Stailor Am\u00e9rica del Sur <\/strong>| Campinas - Brasil<\/li>\n<\/ul>\n<\/div><\/section><br \/>\n<\/p>\n<\/div><\/div><div class=\"flex_cell no_margin av_one_third   av-zero-padding\" style='vertical-align:top; padding:0px; '><div class='flex_cell_inner' >\n<\/div><\/div><\/div><\/div><\/div><\/div><!-- close content main div --><\/div><\/div><div id='bloc-qsn-acc'  class='av-layout-grid-container entry-content-wrapper main_color av-flex-cells     container_wrap fullsize' style=' '  >\n<div class=\"flex_cell no_margin av_one_third   av-zero-padding\" style='vertical-align:middle; padding:0px; '><div class='flex_cell_inner' ><p><div  class='avia-image-container  av-styling-no-styling    avia-align-center'  itemprop=\"image\" itemscope=\"itemscope\" itemtype=\"https:\/\/schema.org\/ImageObject\"  ><div class='avia-image-container-inner'><div class='avia-image-overlay-wrap'><img class='avia_image' src='https:\/\/evoli.fr\/wp-content\/uploads\/2019\/09\/GME-EVOLI2-495x400.jpg' alt='EVOPRO GME 100 - Groupe de moulage Evoli (mod\u00e8le brevet\u00e9)' title='GME EVOLI2' height=\"400\" width=\"495\"  itemprop=\"thumbnailUrl\"  \/><\/div><\/div><\/div><br \/>\n<div  class='avia-icon-grid-container'><ul id='avia-icongrid-6a06596e71c89' class='clearfix avia-icongrid avia-icongrid-flipbox avia-icongrid-numrow-3 avia-icongrid-borders-none avia_animate_when_almost_visible' >\n<li><div class='avia-icongrid-wrapper' ><article  class=\"article-icon-entry av-icongrid-empty\"  itemscope=\"itemscope\" itemtype=\"https:\/\/schema.org\/CreativeWork\" ><div class='avia-icongrid-front' ><div class='avia-icongrid-inner'><div  class='avia-icongrid-icon  avia-font-'><span class='icongrid-char' aria-hidden='true' data-av_icon='\ue856' data-av_iconfont='entypo-fontello'><\/span><\/div><header class=\"entry-content-header\"><h4 class='av_icongrid_title icongrid_title'  itemprop=\"headline\"  >Grid Title 1<\/h4><h6 class='av_icongrid_subtitle icongrid_subtitle'  >Grid Sub-Title<\/h6><\/header><\/div><\/div><div class='avia-icongrid-content' ><div class='avia-icongrid-inner' ><div class='avia-icongrid-text'  itemprop=\"text\" ><\/div><\/div><\/div><\/article><\/div><\/li>\n<li><div class='avia-icongrid-wrapper' ><article  class=\"article-icon-entry av-icongrid-empty\"  itemscope=\"itemscope\" itemtype=\"https:\/\/schema.org\/CreativeWork\" ><div class='avia-icongrid-front' ><div class='avia-icongrid-inner'><div  class='avia-icongrid-icon  avia-font-'><span class='icongrid-char' aria-hidden='true' data-av_icon='\ue806' data-av_iconfont='entypo-fontello'><\/span><\/div><header class=\"entry-content-header\"><h4 class='av_icongrid_title icongrid_title'  itemprop=\"headline\"  >Grid Title 2<\/h4><h6 class='av_icongrid_subtitle icongrid_subtitle'  >Grid Sub-Title<\/h6><\/header><\/div><\/div><div class='avia-icongrid-content' ><div class='avia-icongrid-inner' ><div class='avia-icongrid-text'  itemprop=\"text\" ><\/div><\/div><\/div><\/article><\/div><\/li>\n<li><div class='avia-icongrid-wrapper' ><article  class=\"article-icon-entry av-icongrid-empty\"  itemscope=\"itemscope\" itemtype=\"https:\/\/schema.org\/CreativeWork\" ><div class='avia-icongrid-front' ><div class='avia-icongrid-inner'><div  class='avia-icongrid-icon  avia-font-'><span class='icongrid-char' aria-hidden='true' data-av_icon='\ue8b4' data-av_iconfont='entypo-fontello'><\/span><\/div><header class=\"entry-content-header\"><h4 class='av_icongrid_title icongrid_title'  itemprop=\"headline\"  >Grid Title 3<\/h4><h6 class='av_icongrid_subtitle icongrid_subtitle'  >Grid Sub-Title<\/h6><\/header><\/div><\/div><div class='avia-icongrid-content' ><div class='avia-icongrid-inner' ><div class='avia-icongrid-text'  itemprop=\"text\" ><\/div><\/div><\/div><\/article><\/div><\/li>\n<\/ul><\/div><\/p>\n<\/div><\/div><div class=\"flex_cell no_margin av_two_third\" style='vertical-align:middle; padding:80px; '><div class='flex_cell_inner' ><p><div  style='padding-bottom:35px; color:#0d3551;font-size:40px;' class='av-special-heading av-special-heading-h2 custom-color-heading blockquote modern-quote  av-inherit-size'><div class ='av-subheading av-subheading_above av_custom_color' style='font-size:18px;'><p>La industria del ma\u00f1ana<\/p>\n<\/div><h2 class='av-special-heading-tag'  itemprop=\"headline\"  >Innovaci\u00f3n<\/h2><div class='special-heading-border'><div class='special-heading-inner-border' style='border-color:#0d3551'><\/div><\/div><\/div><br \/>\n<section class=\"av_textblock_section\"  itemscope=\"itemscope\" itemtype=\"https:\/\/schema.org\/CreativeWork\" ><div class='avia_textblock  av_inherit_color'  style='font-size:16px; color:#4F5B67; '  itemprop=\"text\" ><p style=\"text-align: left;\">En la tradici\u00f3n del queso y m\u00e1s precisamente en la innovaci\u00f3n con 7 patentes a nuestro favor, proponemos respuestas a los desaf\u00edos de la industria del ma\u00f1ana.<\/p>\n<p>En particular, hemos desarrollado soluciones innovadoras patentadas en 2 m\u00e1quinas:<\/p>\n<ul>\n<li>Un grupo de moldeo tipo GME cuya tasa nominal es equivalente a la producci\u00f3n en 10 minutos de 12 quesos tipo Comt\u00e9. La innovaci\u00f3n radica en la capacidad del equipo para modular el tipo y formato de moldeo integrando 12 unidades retornables, pero tambi\u00e9n para obtener una precisi\u00f3n de moldeo caracterizada por una m\u00ednima desviaci\u00f3n est\u00e1ndar entre cada segmento de cuajada. El dise\u00f1o del GME se puede adaptar seg\u00fan las tasas de producci\u00f3n o los formatos de molde.<\/li>\n<li>Un carrusel de prensa fijo, alojado en la periferia exterior y equipado con una paletizadora que consiste en un robot de pivote central automatizado. Este equipo asegura la instalaci\u00f3n del queso desmoldado en las columnas de prensado, as\u00ed como su recuperaci\u00f3n de acuerdo con ciclos totalmente automatizados.<\/li>\n<\/ul>\n<p>Las soluciones innovadoras y altamente eficientes del Departamento de Investigaci\u00f3n y Desarrollo de Evoli tambi\u00e9n est\u00e1n disponibles para todos los productos de prensado, transporte, pesaje y corte.<\/p>\n<\/div><\/section><\/p>\n<\/div><\/div><\/div><\/p>","protected":false},"excerpt":{"rendered":"","protected":false},"author":1,"featured_media":0,"parent":0,"menu_order":0,"comment_status":"closed","ping_status":"closed","template":"","meta":[],"yoast_head":"<!-- This site is optimized with the Yoast SEO plugin v16.4 - https:\/\/yoast.com\/wordpress\/plugins\/seo\/ -->\n<title>Evoli, Expert en technologies fromag\u00e8res - Nous conna\u00eetre<\/title>\n<meta name=\"description\" content=\"Evoli (groupe Steap Stailor) Sp\u00e9cialistes des technologies fromag\u00e8res de type p\u00e2tes press\u00e9es cuites ou non cuites, nous proposons des solutions de process et m\u00e9canisation destin\u00e9es \u00e0 l\u2019industrie fromag\u00e8re.\" \/>\n<meta name=\"robots\" content=\"index, follow, max-snippet:-1, max-image-preview:large, max-video-preview:-1\" \/>\n<link rel=\"canonical\" href=\"https:\/\/evoli.fr\/es\/nous-connaitre\/\" \/>\n<meta property=\"og:locale\" content=\"es_ES\" \/>\n<meta property=\"og:type\" content=\"article\" \/>\n<meta property=\"og:title\" content=\"Evoli, Expert en technologies fromag\u00e8res - Nous conna\u00eetre\" \/>\n<meta property=\"og:description\" content=\"Evoli (groupe Steap Stailor) Sp\u00e9cialistes des technologies fromag\u00e8res de type p\u00e2tes press\u00e9es cuites ou non cuites, nous proposons des solutions de process et m\u00e9canisation destin\u00e9es \u00e0 l\u2019industrie fromag\u00e8re.\" \/>\n<meta property=\"og:url\" content=\"https:\/\/evoli.fr\/es\/nous-connaitre\/\" \/>\n<meta property=\"og:site_name\" content=\"Evoli - groupe Steap Stailor\" \/>\n<meta property=\"article:modified_time\" content=\"2020-02-03T08:15:23+00:00\" \/>\n<meta name=\"twitter:card\" content=\"summary_large_image\" \/>\n<meta name=\"twitter:label1\" content=\"Tiempo de lectura\" \/>\n\t<meta name=\"twitter:data1\" content=\"16 minutos\" \/>\n<script type=\"application\/ld+json\" class=\"yoast-schema-graph\">{\"@context\":\"https:\/\/schema.org\",\"@graph\":[{\"@type\":\"WebSite\",\"@id\":\"https:\/\/evoli.fr\/#website\",\"url\":\"https:\/\/evoli.fr\/\",\"name\":\"Evoli - groupe Steap Stailor\",\"description\":\"Expert en technologies fromag\\u00e8res\",\"potentialAction\":[{\"@type\":\"SearchAction\",\"target\":\"https:\/\/evoli.fr\/?s={search_term_string}\",\"query-input\":\"required name=search_term_string\"}],\"inLanguage\":\"es\"},{\"@type\":\"WebPage\",\"@id\":\"https:\/\/evoli.fr\/nous-connaitre\/#webpage\",\"url\":\"https:\/\/evoli.fr\/nous-connaitre\/\",\"name\":\"Evoli, Expert en technologies fromag\\u00e8res - Nous conna\\u00eetre\",\"isPartOf\":{\"@id\":\"https:\/\/evoli.fr\/#website\"},\"datePublished\":\"2019-09-24T12:57:31+00:00\",\"dateModified\":\"2020-02-03T08:15:23+00:00\",\"description\":\"Evoli (groupe Steap Stailor) Sp\\u00e9cialistes des technologies fromag\\u00e8res de type p\\u00e2tes press\\u00e9es cuites ou non cuites, nous proposons des solutions de process et m\\u00e9canisation destin\\u00e9es \\u00e0 l\\u2019industrie fromag\\u00e8re.\",\"breadcrumb\":{\"@id\":\"https:\/\/evoli.fr\/nous-connaitre\/#breadcrumb\"},\"inLanguage\":\"es\",\"potentialAction\":[{\"@type\":\"ReadAction\",\"target\":[\"https:\/\/evoli.fr\/nous-connaitre\/\"]}]},{\"@type\":\"BreadcrumbList\",\"@id\":\"https:\/\/evoli.fr\/nous-connaitre\/#breadcrumb\",\"itemListElement\":[{\"@type\":\"ListItem\",\"position\":1,\"item\":{\"@type\":\"WebPage\",\"@id\":\"https:\/\/evoli.fr\/\",\"url\":\"https:\/\/evoli.fr\/\",\"name\":\"Accueil\"}},{\"@type\":\"ListItem\",\"position\":2,\"item\":{\"@id\":\"https:\/\/evoli.fr\/nous-connaitre\/#webpage\"}}]}]}<\/script>\n<!-- \/ Yoast SEO plugin. -->","_links":{"self":[{"href":"https:\/\/evoli.fr\/es\/wp-json\/wp\/v2\/pages\/405"}],"collection":[{"href":"https:\/\/evoli.fr\/es\/wp-json\/wp\/v2\/pages"}],"about":[{"href":"https:\/\/evoli.fr\/es\/wp-json\/wp\/v2\/types\/page"}],"author":[{"embeddable":true,"href":"https:\/\/evoli.fr\/es\/wp-json\/wp\/v2\/users\/1"}],"replies":[{"embeddable":true,"href":"https:\/\/evoli.fr\/es\/wp-json\/wp\/v2\/comments?post=405"}],"version-history":[{"count":16,"href":"https:\/\/evoli.fr\/es\/wp-json\/wp\/v2\/pages\/405\/revisions"}],"predecessor-version":[{"id":460,"href":"https:\/\/evoli.fr\/es\/wp-json\/wp\/v2\/pages\/405\/revisions\/460"}],"wp:attachment":[{"href":"https:\/\/evoli.fr\/es\/wp-json\/wp\/v2\/media?parent=405"}],"curies":[{"name":"wp","href":"https:\/\/api.w.org\/{rel}","templated":true}]}}