{"id":176,"date":"2019-09-23T14:46:28","date_gmt":"2019-09-23T14:46:28","guid":{"rendered":"https:\/\/evoli.fr\/?page_id=176"},"modified":"2019-12-10T10:34:52","modified_gmt":"2019-12-10T10:34:52","slug":"nos-engagements","status":"publish","type":"page","link":"https:\/\/evoli.fr\/pt\/nos-engagements\/","title":{"rendered":"Nossos compromissos"},"content":{"rendered":"<div id='full_slider_1'  class='avia-fullwidth-slider main_color avia-shadow   avia-builder-el-0  el_before_av_section  avia-builder-el-first  nc-banner  container_wrap fullsize' style=' '  ><div   data-size='featured'  data-lightbox_size='large'  data-animation='slide'  data-conditional_play=''  data-ids='179'  data-video_counter='0'  data-autoplay='false'  data-bg_slider='false'  data-slide_height=''  data-handle='av_slideshow_full'  data-interval='5'  data-class=' '  data-el_id=''  data-css_id=''  data-scroll_down=''  data-control_layout='av-control-default'  data-custom_markup=''  data-perma_caption=''  data-autoplay_stopper=''  data-image_attachment=''  data-min_height='0px'  data-src=''  data-position='top left'  data-repeat='no-repeat'  data-attach='scroll'  data-stretch=''  data-default-height='24'  class='avia-slideshow avia-slideshow-1  av-control-default av-default-height-applied avia-slideshow-featured av_slideshow_full   avia-slide-slider'  itemprop=\"image\" itemscope=\"itemscope\" itemtype=\"https:\/\/schema.org\/ImageObject\" ><ul class='avia-slideshow-inner' style='padding-bottom: 24%;' ><li  class='av-single-slide slide-1' ><div data-rel='slideshow-1' class='avia-slide-wrap'   ><div class = \"caption_fullwidth av-slideshow-caption caption_center\"><div class = \"container caption_container\"><div class = \"slideshow_caption\"><div class = \"slideshow_inner_caption\"><div class = \"slideshow_align_caption\"><h2  style='font-size:20px; ' class='avia-caption-title'  itemprop=\"name\" >Nossa abordagem: Sa\u00fade, Seguran\u00e7a e Meio Ambiente (SSMA)<\/h2><div class='avia-caption-content  av_inherit_color'  itemprop=\"description\"   style='font-size:40px; '><p>Nossos compromissos<\/p>\n<\/div><\/div><\/div><\/div><\/div><\/div><img src='https:\/\/evoli.fr\/wp-content\/uploads\/2019\/09\/engagements-1500x360.jpg' width='1500' height='360' title='engagements' alt='engagements'  itemprop=\"thumbnailUrl\"   \/><div class='av-section-color-overlay' style='opacity: 0.7; background-color: #000000; '><\/div><\/div><\/li><\/ul><\/div><\/div>\n<div id='scroll'  class='avia-section main_color avia-section-default avia-no-border-styling avia-bg-style-scroll  avia-builder-el-1  el_after_av_slideshow_full  el_before_av_layout_row   av-mini-hide container_wrap fullsize' style='background-color: #fafafa;  '  ><div class='container' ><div class='template-page content  av-content-full alpha units'><div class='post-entry post-entry-type-page post-entry-176'><div class='entry-content-wrapper clearfix'>\n<div  class='avia-button-wrap avia-button-center  avia-builder-el-2  avia-builder-el-no-sibling' ><a href='#securite'  class='avia-button  av-button-notext   avia-icon_select-yes-left-icon avia-color-theme-color avia-size-x-large avia-position-center'   ><span class='avia_button_icon avia_button_icon_left' aria-hidden='true' data-av_icon='\ue877' data-av_iconfont='entypo-fontello'><\/span><span class='avia_iconbox_title' ><\/span><\/a><\/div>\n\n<\/div><\/div><\/div><!-- close content main div --><\/div><\/div><div id='securite'  class='av-layout-grid-container entry-content-wrapper main_color av-flex-cells     avia-builder-el-3  el_after_av_section  el_before_av_layout_row  bloc-qsn-acc submenu-not-first container_wrap fullsize' style=' '  >\n<div class=\"flex_cell no_margin av_two_third  avia-builder-el-4  el_before_av_cell_one_third  avia-builder-el-first   avia-full-contain\" style='background: #fafafa; vertical-align:middle; padding:80px; background-color:#fafafa; '><div class='flex_cell_inner' ><p><div  style='padding-bottom:35px; color:#0d3551;font-size:40px;' class='av-special-heading av-special-heading-h2 custom-color-heading blockquote modern-quote  avia-builder-el-5  el_before_av_textblock  avia-builder-el-first  av-inherit-size'><h2 class='av-special-heading-tag'  itemprop=\"headline\"  >Seguran\u00e7a<\/h2><div class='special-heading-border'><div class='special-heading-inner-border' style='border-color:#0d3551'><\/div><\/div><\/div><br \/>\n<section class=\"av_textblock_section\"  itemscope=\"itemscope\" itemtype=\"https:\/\/schema.org\/CreativeWork\" ><div class='avia_textblock  av_inherit_color'  style='font-size:16px; color:#4F5B67; '  itemprop=\"text\" ><p>A sa\u00fade e a seguran\u00e7a de nossos colaboradores, clientes e parceiros est\u00e3o no centro de nossa preocupa\u00e7\u00e3o. A Evoli implementa, em todas as etapas do projeto, as a\u00e7\u00f5es necess\u00e1rias para garantir a aplica\u00e7\u00e3o das regras estabelecidas. Elas contemplam a abordagem de SSMA, baseada nas diretrizes do MASE e s\u00e3o aplicadas ao n\u00edvel do grupo Steap Stailor para harmonizar m\u00e9todos e comportamentos.<\/p>\n<p>Bastante consolidado, a dire\u00e7\u00e3o conta com um coordenador para garantir que todas as partes interessadas estejam envolvidas na abordagem SSMA, que \u00e9 formalizada atrav\u00e9s de v\u00e1rios documentos: manual de SSMA, regras de SSMA, documentos de registro, entre outros. Essa abordagem contempla aspectos materiais, EPI\u2019s, procedimentos, equipamentos, contexto fabril e tamb\u00e9m inclui a\u00e7\u00f5es de conscientiza\u00e7\u00e3o, treinamento e comunica\u00e7\u00e3o. Cada projeto \u00e9 objeto de aten\u00e7\u00e3o especial. Atendendo a todos os requisitos da legisla\u00e7\u00e3o, a equipe do projeto e o coordenador de seguran\u00e7a garantem a implementa\u00e7\u00e3o da abordagem. Al\u00e9m desse sistema, as auditorias s\u00e3o realizadas a cada ano, em uma preocupa\u00e7\u00e3o permanente pelo progresso cont\u00ednuo.<\/p>\n<\/div><\/section><br \/>\n<\/p>\n<\/div><\/div><div class=\"flex_cell no_margin av_one_third  avia-builder-el-8  el_after_av_cell_two_third  avia-builder-el-last   avia-full-stretch av-zero-padding\" style='background:url(https:\/\/evoli.fr\/wp-content\/uploads\/2019\/09\/securite.jpg) center center no-repeat scroll; vertical-align:top; padding:0px; '><div class='flex_cell_inner' ><\/div><\/div><\/div><div id='environnement'  class='av-layout-grid-container entry-content-wrapper main_color av-flex-cells     avia-builder-el-9  el_after_av_layout_row  el_before_av_layout_row  bloc-qsn-acc submenu-not-first container_wrap fullsize' style=' '  >\n<div class=\"flex_cell no_margin av_one_third  avia-builder-el-10  el_before_av_cell_two_third  avia-builder-el-first   avia-full-stretch av-zero-padding\" style='background:url(https:\/\/evoli.fr\/wp-content\/uploads\/2019\/09\/environnement.jpg) center center no-repeat scroll; vertical-align:middle; padding:0px; '><div class='flex_cell_inner' ><\/div><\/div><div class=\"flex_cell no_margin av_two_third  avia-builder-el-11  el_after_av_cell_one_third  avia-builder-el-last\" style='vertical-align:top; padding:80px; '><div class='flex_cell_inner' ><p><div  style='padding-bottom:35px; color:#0d3551;font-size:40px;' class='av-special-heading av-special-heading-h2 custom-color-heading blockquote modern-quote  avia-builder-el-12  el_before_av_textblock  avia-builder-el-first  av-inherit-size'><h2 class='av-special-heading-tag'  itemprop=\"headline\"  >Meio Ambiente<\/h2><div class='special-heading-border'><div class='special-heading-inner-border' style='border-color:#0d3551'><\/div><\/div><\/div><br \/>\n<section class=\"av_textblock_section\"  itemscope=\"itemscope\" itemtype=\"https:\/\/schema.org\/CreativeWork\" ><div class='avia_textblock  av_inherit_color'  style='font-size:16px; color:#4F5B67; '  itemprop=\"text\" ><p>Integramos a perspectiva ambiental em todas as etapas do projeto e de constru\u00e7\u00e3o da instala\u00e7\u00e3o. A economia de energia, o consumo reduzido, a recupera\u00e7\u00e3o de produtos ou a recupera\u00e7\u00e3o de res\u00edduos e co-produtos, tudo \u00e9 estudado para oferecer o melhor desempenho inclusive do ponto de vista ambiental.<\/p>\n<ul>\n<li>Economia de energia e consumo de \u00e1gua<\/li>\n<li>Economia de recursos (loops de recupera\u00e7\u00e3o)<\/li>\n<li>Recupera\u00e7\u00e3o e triagem de res\u00edduos<\/li>\n<li>Cogera\u00e7\u00e3o com biog\u00e1s<\/li>\n<\/ul>\n<\/div><\/section><br \/>\n<\/p>\n<\/div><\/div>\n<\/div><\/p>\n<div id='economie'  class='av-layout-grid-container entry-content-wrapper main_color av-flex-cells     avia-builder-el-15  el_after_av_layout_row  el_before_av_layout_row  bloc-qsn-acc submenu-not-first container_wrap fullsize' style=' '  >\n<div class=\"flex_cell no_margin av_two_third  avia-builder-el-16  el_before_av_cell_one_third  avia-builder-el-first   avia-full-contain\" style='background: #fafafa; vertical-align:middle; padding:80px; background-color:#fafafa; '><div class='flex_cell_inner' ><p><div  style='padding-bottom:35px; color:#0d3551;font-size:40px;' class='av-special-heading av-special-heading-h2 custom-color-heading blockquote modern-quote  avia-builder-el-17  el_before_av_textblock  avia-builder-el-first  av-inherit-size'><h2 class='av-special-heading-tag'  itemprop=\"headline\"  >Economia<\/h2><div class='special-heading-border'><div class='special-heading-inner-border' style='border-color:#0d3551'><\/div><\/div><\/div><br \/>\n<section class=\"av_textblock_section\"  itemscope=\"itemscope\" itemtype=\"https:\/\/schema.org\/CreativeWork\" ><div class='avia_textblock  av_inherit_color'  style='font-size:16px; color:#4F5B67; '  itemprop=\"text\" ><p>Reduzir o tempo de lan\u00e7amento do produto no mercado, otimizar o custo total da instala\u00e7\u00e3o e o retorno do investimento s\u00e3o objetivos que est\u00e3o no centro de nossas preocupa\u00e7\u00f5es, desde a elabora\u00e7\u00e3o e durante toda a execu\u00e7\u00e3o do projeto, a fim de garantir um n\u00edvel muito alto de desempenho do processo.<\/p>\n<p>Essa abordagem \u00e9 particularmente focada nos seguintes crit\u00e9rios:<\/p>\n<ul>\n<li>Capacidade de produ\u00e7\u00e3o<\/li>\n<li>Qualidade de fabrica\u00e7\u00e3o<\/li>\n<li>Consumo de energia<\/li>\n<li>Recupera\u00e7\u00e3o de produtos<\/li>\n<li>Efici\u00eancia de limpeza<\/li>\n<\/ul>\n<\/div><\/section><br \/>\n<\/p>\n<\/div><\/div><div class=\"flex_cell no_margin av_one_third  avia-builder-el-20  el_after_av_cell_two_third  avia-builder-el-last   avia-full-stretch av-zero-padding\" style='background:url(https:\/\/evoli.fr\/wp-content\/uploads\/2019\/09\/economie.jpg) center center no-repeat scroll; vertical-align:top; padding:0px; '><div class='flex_cell_inner' ><\/div><\/div>\n<\/div>\n<div id='societal'  class='av-layout-grid-container entry-content-wrapper main_color av-flex-cells     avia-builder-el-21  el_after_av_layout_row  el_before_av_layout_row  bloc-qsn-acc submenu-not-first container_wrap fullsize' style=' '  >\n<div class=\"flex_cell no_margin av_one_third  avia-builder-el-22  el_before_av_cell_two_third  avia-builder-el-first   avia-full-stretch av-zero-padding\" style='background:url(https:\/\/evoli.fr\/wp-content\/uploads\/2019\/09\/societal.jpg) center center no-repeat scroll; vertical-align:middle; padding:0px; '><div class='flex_cell_inner' ><\/div><\/div><div class=\"flex_cell no_margin av_two_third  avia-builder-el-23  el_after_av_cell_one_third  avia-builder-el-last\" style='vertical-align:top; padding:80px; '><div class='flex_cell_inner' ><p><div  style='padding-bottom:35px; color:#0d3551;font-size:40px;' class='av-special-heading av-special-heading-h2 custom-color-heading blockquote modern-quote  avia-builder-el-24  el_before_av_textblock  avia-builder-el-first  av-inherit-size'><h2 class='av-special-heading-tag'  itemprop=\"headline\"  >Sociedade<\/h2><div class='special-heading-border'><div class='special-heading-inner-border' style='border-color:#0d3551'><\/div><\/div><\/div><br \/>\n<section class=\"av_textblock_section\"  itemscope=\"itemscope\" itemtype=\"https:\/\/schema.org\/CreativeWork\" ><div class='avia_textblock  av_inherit_color'  style='font-size:16px; color:#4F5B67; '  itemprop=\"text\" ><p>Combinar os valores do mundo industrial e esportivo \u00e9 a base do Grupo Steap Stailor. Essa uni\u00e3o se traduz na parceria esportiva com o FC Grenoble Rugby h\u00e1 mais de 20 anos. Complementaridade, respeito um pelo outro e compromisso coletivo s\u00e3o os valores do rugby que n\u00f3s adotamos e contribuem para a for\u00e7a de nossa identidade.<\/p>\n<blockquote>\n<p>\"Esse emocionante esporte que \u00e9 o rugby nos traz toda a coragem, abnega\u00e7\u00e3o e um senso agudo de combatividade, que \u00e9 essencial para o desenvolvimento de nossos neg\u00f3cios.\" Jacques Chabut, fundador da Steap Stailor.<\/p>\n<\/blockquote>\n<p>Criada em 1911, a F.C. Rugby Genro evolui por d\u00e9cadas na elite do rugby franc\u00eas. Fortemente enraizado na paisagem dos alpes e na for\u00e7a motriz do esporte local, o FCG \u00e9 um participante forte e din\u00e2mico da influ\u00eancia da regi\u00e3o al\u00e9m das fronteiras nacionais.<\/p>\n<\/div><\/section><br \/>\n<\/p>\n<\/div><\/div><\/div><div id='bloc-qsn-acc'  class='av-layout-grid-container entry-content-wrapper main_color av-flex-cells     avia-builder-el-27  el_after_av_layout_row  avia-builder-el-last  submenu-not-first container_wrap fullsize' style=' '  >\n<div class=\"flex_cell no_margin av_one_third  avia-builder-el-28  el_before_av_cell_two_third  avia-builder-el-first   avia-full-stretch\" style='background:url(https:\/\/evoli.fr\/wp-content\/uploads\/2019\/09\/Photo-8.jpg) center center no-repeat scroll; vertical-align:middle; padding:0px 0px 0px 0px ; '><div class='flex_cell_inner' ><\/div><\/div><div class=\"flex_cell no_margin av_two_third  avia-builder-el-29  el_after_av_cell_one_third  avia-builder-el-last\" style='vertical-align:top; padding:80px; '><div class='flex_cell_inner' ><p><section class=\"av_textblock_section\"  itemscope=\"itemscope\" itemtype=\"https:\/\/schema.org\/CreativeWork\" ><div class='avia_textblock  av_inherit_color'  style='font-size:16px; color:#4F5B67; '  itemprop=\"text\" ><p>Mais de 50 anos ap\u00f3s os \u00faltimos Jogos Ol\u00edmpicos de Inverno em Grenoble, local de funda\u00e7\u00e3o do grupo Steap Stailor, decidimos patrocinar uma jovem atleta esgrimista em sua prepara\u00e7\u00e3o. Em busca de uma qualifica\u00e7\u00e3o para os Jogos Ol\u00edmpicos de T\u00f3quio 2020, Malina Vongsavady, do Vale Gr\u00e9sivaudan, nos port\u00f5es de Grenoble, \u00e9 membro da equipe de esgrima francesa. Como os valores esportivos fazem parte do DNA do Grupo Steap Stailor, tamb\u00e9m s\u00e3o nossas cores que ser\u00e3o usadas em todas as lutas com destreza, precis\u00e3o e velocidade de execu\u00e7\u00e3o.<\/p>\n<\/div><\/section><br \/>\n<\/p>\n<\/div><\/div><\/div><\/p>","protected":false},"excerpt":{"rendered":"","protected":false},"author":1,"featured_media":0,"parent":0,"menu_order":0,"comment_status":"closed","ping_status":"closed","template":"","meta":[],"yoast_head":"<!-- This site is optimized with the Yoast SEO plugin v16.4 - https:\/\/yoast.com\/wordpress\/plugins\/seo\/ -->\n<title>Evoli, Expert en technologies fromag\u00e8res - Nos engagements<\/title>\n<meta name=\"robots\" content=\"index, follow, max-snippet:-1, max-image-preview:large, max-video-preview:-1\" \/>\n<link rel=\"canonical\" href=\"https:\/\/evoli.fr\/pt\/nos-engagements\/\" \/>\n<meta property=\"og:locale\" content=\"pt_BR\" \/>\n<meta property=\"og:type\" content=\"article\" \/>\n<meta property=\"og:title\" content=\"Evoli, Expert en technologies fromag\u00e8res - Nos engagements\" \/>\n<meta property=\"og:url\" content=\"https:\/\/evoli.fr\/pt\/nos-engagements\/\" \/>\n<meta property=\"og:site_name\" content=\"Evoli - groupe Steap Stailor\" \/>\n<meta property=\"article:modified_time\" content=\"2019-12-10T10:34:52+00:00\" \/>\n<meta name=\"twitter:card\" content=\"summary_large_image\" \/>\n<meta name=\"twitter:label1\" content=\"Est. tempo de leitura\" \/>\n\t<meta name=\"twitter:data1\" content=\"13 minutos\" \/>\n<script type=\"application\/ld+json\" class=\"yoast-schema-graph\">{\"@context\":\"https:\/\/schema.org\",\"@graph\":[{\"@type\":\"WebSite\",\"@id\":\"https:\/\/evoli.fr\/#website\",\"url\":\"https:\/\/evoli.fr\/\",\"name\":\"Evoli - groupe Steap Stailor\",\"description\":\"Expert en technologies fromag\\u00e8res\",\"potentialAction\":[{\"@type\":\"SearchAction\",\"target\":\"https:\/\/evoli.fr\/?s={search_term_string}\",\"query-input\":\"required name=search_term_string\"}],\"inLanguage\":\"pt-BR\"},{\"@type\":\"WebPage\",\"@id\":\"https:\/\/evoli.fr\/nos-engagements\/#webpage\",\"url\":\"https:\/\/evoli.fr\/nos-engagements\/\",\"name\":\"Evoli, Expert en technologies fromag\\u00e8res - Nos engagements\",\"isPartOf\":{\"@id\":\"https:\/\/evoli.fr\/#website\"},\"datePublished\":\"2019-09-23T14:46:28+00:00\",\"dateModified\":\"2019-12-10T10:34:52+00:00\",\"breadcrumb\":{\"@id\":\"https:\/\/evoli.fr\/nos-engagements\/#breadcrumb\"},\"inLanguage\":\"pt-BR\",\"potentialAction\":[{\"@type\":\"ReadAction\",\"target\":[\"https:\/\/evoli.fr\/nos-engagements\/\"]}]},{\"@type\":\"BreadcrumbList\",\"@id\":\"https:\/\/evoli.fr\/nos-engagements\/#breadcrumb\",\"itemListElement\":[{\"@type\":\"ListItem\",\"position\":1,\"item\":{\"@type\":\"WebPage\",\"@id\":\"https:\/\/evoli.fr\/\",\"url\":\"https:\/\/evoli.fr\/\",\"name\":\"Accueil\"}},{\"@type\":\"ListItem\",\"position\":2,\"item\":{\"@id\":\"https:\/\/evoli.fr\/nos-engagements\/#webpage\"}}]}]}<\/script>\n<!-- \/ Yoast SEO plugin. -->","_links":{"self":[{"href":"https:\/\/evoli.fr\/pt\/wp-json\/wp\/v2\/pages\/176"}],"collection":[{"href":"https:\/\/evoli.fr\/pt\/wp-json\/wp\/v2\/pages"}],"about":[{"href":"https:\/\/evoli.fr\/pt\/wp-json\/wp\/v2\/types\/page"}],"author":[{"embeddable":true,"href":"https:\/\/evoli.fr\/pt\/wp-json\/wp\/v2\/users\/1"}],"replies":[{"embeddable":true,"href":"https:\/\/evoli.fr\/pt\/wp-json\/wp\/v2\/comments?post=176"}],"version-history":[{"count":59,"href":"https:\/\/evoli.fr\/pt\/wp-json\/wp\/v2\/pages\/176\/revisions"}],"predecessor-version":[{"id":1833,"href":"https:\/\/evoli.fr\/pt\/wp-json\/wp\/v2\/pages\/176\/revisions\/1833"}],"wp:attachment":[{"href":"https:\/\/evoli.fr\/pt\/wp-json\/wp\/v2\/media?parent=176"}],"curies":[{"name":"wp","href":"https:\/\/api.w.org\/{rel}","templated":true}]}}