{"id":413,"date":"2019-09-24T12:58:26","date_gmt":"2019-09-24T12:58:26","guid":{"rendered":"https:\/\/evoli.fr\/?page_id=413"},"modified":"2020-01-02T14:53:54","modified_gmt":"2020-01-02T14:53:54","slug":"cle-en-main","status":"publish","type":"page","link":"https:\/\/evoli.fr\/pt\/cle-en-main\/","title":{"rendered":"Projetos Turn-key"},"content":{"rendered":"<div id='full_slider_1'  class='avia-fullwidth-slider main_color avia-shadow   avia-builder-el-0  el_before_av_section  avia-builder-el-first   container_wrap fullsize' style=' '  ><div   data-size='featured'  data-lightbox_size='large'  data-animation='slide'  data-conditional_play=''  data-ids='558'  data-video_counter='0'  data-autoplay='false'  data-bg_slider='false'  data-slide_height=''  data-handle='av_slideshow_full'  data-interval='5'  data-class=' '  data-el_id=''  data-css_id=''  data-scroll_down=''  data-control_layout='av-control-default'  data-custom_markup=''  data-perma_caption=''  data-autoplay_stopper=''  data-image_attachment=''  data-min_height='0px'  data-src=''  data-position='top left'  data-repeat='no-repeat'  data-attach='scroll'  data-stretch=''  data-default-height='24'  class='avia-slideshow avia-slideshow-1  av-control-default av-default-height-applied avia-slideshow-featured av_slideshow_full   avia-slide-slider'  itemprop=\"image\" itemscope=\"itemscope\" itemtype=\"https:\/\/schema.org\/ImageObject\" ><ul class='avia-slideshow-inner' style='padding-bottom: 24%;' ><\/ul><\/div><\/div>\n<\/div><\/div><\/div><!-- close content main div --><\/div><\/div><div id='bloc-qsn-acc'  class='av-layout-grid-container entry-content-wrapper main_color av-flex-cells     container_wrap fullsize' style=' '  >\n<div class=\"flex_cell no_margin av_two_third\" style='background: #fafafa; vertical-align:top; padding:80px; background-color:#fafafa; '><div class='flex_cell_inner' ><p><div  style='padding-bottom:35px; color:#0d3551;font-size:40px;' class='av-special-heading av-special-heading-h2 custom-color-heading blockquote modern-quote  av-inherit-size'><div class ='av-subheading av-subheading_above av_custom_color' style='font-size:18px;'><p>Linhas de produtos industriais<\/p>\n<\/div><h2 class='av-special-heading-tag'  itemprop=\"headline\"  >Integra\u00e7\u00e3o completa<\/h2><div class='special-heading-border'><div class='special-heading-inner-border' style='border-color:#0d3551'><\/div><\/div><\/div><br \/>\n<section class=\"av_textblock_section\"  itemscope=\"itemscope\" itemtype=\"https:\/\/schema.org\/CreativeWork\" ><div class='avia_textblock  av_inherit_color'  style='font-size:16px; color:#4F5B67; '  itemprop=\"text\" ><p style=\"text-align: left;\">Nous proposons l\u2019int\u00e9gration compl\u00e8te de votre ligne de production depuis la mise en \u0153uvre de l\u2019atelier unitaire jusqu\u2019\u00e0 l\u2019usine de production \u00ab\u00a0green field\u00a0\u00bb. Notre socle de comp\u00e9tences techniques, orient\u00e9 vers les m\u00e9tiers de l\u2019hydraulique, de la thermique, de la m\u00e9canique industrielle et machines sp\u00e9ciales, est au service de la r\u00e9alisation de projets cl\u00e9 en main.<\/p>\n<p>Por meio do desenvolvimento interno dos departamentos de Eletricidade e Automa\u00e7\u00e3o, que s\u00e3o ativos adicionais para a implementa\u00e7\u00e3o do projeto, a proposta da Evoli atender\u00e1 a suas necessidades.<\/p>\n<\/div><\/section><br \/>\n<\/p>\n<\/div><\/div><div class=\"flex_cell no_margin av_one_third\" style='background:url(https:\/\/evoli.fr\/wp-content\/uploads\/2019\/09\/Sterilisation-tubulaire.jpg) center center no-repeat scroll; vertical-align:top; padding:30px; '><div class='flex_cell_inner' ><\/div><\/div><\/div><div id='av_section_1'  class='avia-section main_color avia-section-default avia-no-border-styling avia-bg-style-scroll  avia-builder-el-1  el_after_av_slideshow_full  el_before_av_layout_row   container_wrap fullsize' style=' '  ><div class='container' ><div class='template-page content  av-content-full alpha units'><div class='post-entry post-entry-type-page post-entry-413'><div class='entry-content-wrapper clearfix'>\n<div class=\"flex_column av_one_full  flex_column_div av-zero-column-padding first\" style='border-radius:0px; '><div  class='av-hotspot-image-container   av-hotspot-blank av-mobile-fallback-active    av-non-fullwidth-hotspot-image'  itemprop=\"image\" itemscope=\"itemscope\" itemtype=\"https:\/\/schema.org\/ImageObject\" ><div class='av-hotspot-container'><div class='av-hotspot-container-inner-cell'><div class='av-hotspot-container-inner-wrap'><div class='av-image-hotspot av-image-hotspot-1' data-avia-tooltip-position='top' data-avia-tooltip-alignment='centered' data-avia-tooltip-class='av-tt-default-width above  av-mobile-fallback-active  main_color av-tt-hotspot' data-avia-tooltip='' style='top: 23%; left: 9.3%; '><div class='av-image-hotspot_inner' style=' '>1<\/div><div class='av-image-hotspot-pulse' ><\/div><\/div><div class='av-image-hotspot av-image-hotspot-2' data-avia-tooltip-position='top' data-avia-tooltip-alignment='centered' data-avia-tooltip-class='av-tt-default-width above  av-mobile-fallback-active  main_color av-tt-hotspot' data-avia-tooltip='' style='top: 73.8%; left: 12.3%; '><div class='av-image-hotspot_inner' style=' '>2<\/div><div class='av-image-hotspot-pulse' ><\/div><\/div><div class='av-image-hotspot av-image-hotspot-3' data-avia-tooltip-position='top' data-avia-tooltip-alignment='centered' data-avia-tooltip-class='av-tt-default-width above  av-mobile-fallback-active  main_color av-tt-hotspot' data-avia-tooltip='' style='top: 78.6%; left: 35.3%; '><div class='av-image-hotspot_inner' style=' '>3<\/div><div class='av-image-hotspot-pulse' ><\/div><\/div><div class='av-image-hotspot av-image-hotspot-4' data-avia-tooltip-position='top' data-avia-tooltip-alignment='centered' data-avia-tooltip-class='av-tt-default-width above  av-mobile-fallback-active  main_color av-tt-hotspot' data-avia-tooltip='' style='top: 70.6%; left: 53.3%; '><div class='av-image-hotspot_inner' style=' '>4<\/div><div class='av-image-hotspot-pulse' ><\/div><\/div><div class='av-image-hotspot av-image-hotspot-5' data-avia-tooltip-position='top' data-avia-tooltip-alignment='centered' data-avia-tooltip-class='av-tt-default-width above  av-mobile-fallback-active  main_color av-tt-hotspot' data-avia-tooltip='' style='top: 61.9%; left: 73.3%; '><div class='av-image-hotspot_inner' style=' '>5<\/div><div class='av-image-hotspot-pulse' ><\/div><\/div><div class='av-image-hotspot av-image-hotspot-6' data-avia-tooltip-position='top' data-avia-tooltip-alignment='centered' data-avia-tooltip-class='av-tt-default-width above  av-mobile-fallback-active  main_color av-tt-hotspot' data-avia-tooltip='' style='top: 26.2%; left: 76%; '><div class='av-image-hotspot_inner' style=' '>6<\/div><div class='av-image-hotspot-pulse' ><\/div><\/div><div class='av-image-hotspot av-image-hotspot-7' data-avia-tooltip-position='top' data-avia-tooltip-alignment='centered' data-avia-tooltip-class='av-tt-default-width above  av-mobile-fallback-active  main_color av-tt-hotspot' data-avia-tooltip='' style='top: 57.9%; left: 88.3%; '><div class='av-image-hotspot_inner' style=' '>7<\/div><div class='av-image-hotspot-pulse' ><\/div><\/div><img class='avia_image' src='https:\/\/evoli.fr\/wp-content\/uploads\/2019\/09\/Sterilisation-tubulaire-1500x630.jpg' alt='description de St\u00e9rilisation tubulaire' title='Sterilisation-tubulaire'  height=\"630\" width=\"1500\"  itemprop=\"thumbnailUrl\"  \/><\/div><\/div><\/div><\/div><\/div><\/div><\/div><\/div><!-- close content main div --><\/div><\/div><div id='bloc-qsn-acc'  class='av-layout-grid-container entry-content-wrapper main_color av-flex-cells     container_wrap fullsize' style=' '  >\n<div class=\"flex_cell no_margin av_one_third   av-zero-padding\" style='background:url(https:\/\/evoli.fr\/wp-content\/uploads\/2019\/09\/usine_complete.png) center center no-repeat scroll; vertical-align:middle; padding:0px; '><div class='flex_cell_inner' ><\/div><\/div><div class=\"flex_cell no_margin av_two_third\" style='background: #fafafa; vertical-align:top; padding:80px; background-color:#fafafa; '><div class='flex_cell_inner' ><p><div  style='padding-bottom:35px; color:#0d3551;font-size:40px;' class='av-special-heading av-special-heading-h2 custom-color-heading blockquote modern-quote  av-inherit-size'><div class ='av-subheading av-subheading_above av_custom_color' style='font-size:18px;'><p class=\" translation-block\">Especialista em <br>tecnologia para queijo<\/p>\n<\/div><h2 class='av-special-heading-tag'  itemprop=\"headline\"  >Quem somos\u00a0?<\/h2><div class='special-heading-border'><div class='special-heading-inner-border' style='border-color:#0d3551'><\/div><\/div><\/div><br \/>\n<section class=\"av_textblock_section\"  itemscope=\"itemscope\" itemtype=\"https:\/\/schema.org\/CreativeWork\" ><div class='avia_textblock  av_inherit_color'  style='font-size:16px; color:#4F5B67; '  itemprop=\"text\" ><p style=\"text-align: left;\">La compl\u00e9mentarit\u00e9 et synergie des entit\u00e9s du Groupe Steap Stailor g\u00e9n\u00e8rent une r\u00e9elle valeur ajout\u00e9e \u00e0 notre offre\u00a0:<\/p>\n<ul>\n<li class=\" translation-block\">Evoli - Especialista em tecnologias de queijo: Mecaniza\u00e7\u00e3o<\/li>\n<li>Steap Stailor\u00a0&#8211; Int\u00e9grateur Process\u00a0: Traitement du lait et lacto-s\u00e9rums<\/li>\n<li class=\" translation-block\"><strong>Citec - Integrador de fluidos e energia: <\/strong>geradores e distribui\u00e7\u00e3o de energia<\/li>\n<\/ul>\n<p>Garants d\u2019un projet ma\u00eetris\u00e9 sur le plan technique, \u00e9conomique et de mise en \u0153uvre, nos charg\u00e9s d\u2019affaires sp\u00e9cialistes en Ing\u00e9nierie des proc\u00e9d\u00e9s fromagers, participent \u00e0 l\u2019\u00e9laboration des \u00e9tudes et r\u00e9alisation en occupant une place centrale dans notre organisation. Consid\u00e9r\u00e9 comme le pivot entre nos services de production et nos clients, le charg\u00e9 d\u2019affaires est votre interlocuteur unique pour une coordination optimum.<\/p>\n<\/div><\/section><br \/>\n<\/p>\n<\/div><\/div><\/div><\/div><\/div><\/div><!-- close content main div --><\/div><\/div><div id='av_section_2'  class='avia-section main_color avia-section-default avia-no-border-styling avia-bg-style-scroll   container_wrap fullsize' style=' '  ><div class='container' ><div class='template-page content  av-content-full alpha units'><div class='post-entry post-entry-type-page post-entry-413'><div class='entry-content-wrapper clearfix'>\n<div class=\"flex_column av_one_full  flex_column_div av-zero-column-padding first\" style='border-radius:0px; '><div  class='av-hotspot-image-container   av-hotspot-blank av-mobile-fallback-active    av-non-fullwidth-hotspot-image'  itemprop=\"image\" itemscope=\"itemscope\" itemtype=\"https:\/\/schema.org\/ImageObject\" ><div class='av-hotspot-container'><div class='av-hotspot-container-inner-cell'><div class='av-hotspot-container-inner-wrap'><div class='av-image-hotspot av-image-hotspot-1' data-avia-tooltip-position='top' data-avia-tooltip-alignment='centered' data-avia-tooltip-class='av-tt-default-width above  av-mobile-fallback-active  main_color av-tt-hotspot' data-avia-tooltip='' style='top: 41.3%; left: 7.3%; '><div class='av-image-hotspot_inner' style=' '>1<\/div><div class='av-image-hotspot-pulse' ><\/div><\/div><div class='av-image-hotspot av-image-hotspot-2' data-avia-tooltip-position='top' data-avia-tooltip-alignment='centered' data-avia-tooltip-class='av-tt-default-width above  av-mobile-fallback-active  main_color av-tt-hotspot' data-avia-tooltip='' style='top: 23.8%; left: 18%; '><div class='av-image-hotspot_inner' style=' '>2<\/div><div class='av-image-hotspot-pulse' ><\/div><\/div><div class='av-image-hotspot av-image-hotspot-3' data-avia-tooltip-position='top' data-avia-tooltip-alignment='centered' data-avia-tooltip-class='av-tt-default-width above  av-mobile-fallback-active  main_color av-tt-hotspot' data-avia-tooltip='' style='top: 44.5%; left: 20%; '><div class='av-image-hotspot_inner' style=' '>3<\/div><div class='av-image-hotspot-pulse' ><\/div><\/div><div class='av-image-hotspot av-image-hotspot-4' data-avia-tooltip-position='top' data-avia-tooltip-alignment='centered' data-avia-tooltip-class='av-tt-default-width above  av-mobile-fallback-active  main_color av-tt-hotspot' data-avia-tooltip='' style='top: 33.3%; left: 24.3%; '><div class='av-image-hotspot_inner' style=' '>4<\/div><div class='av-image-hotspot-pulse' ><\/div><\/div><div class='av-image-hotspot av-image-hotspot-5' data-avia-tooltip-position='top' data-avia-tooltip-alignment='centered' data-avia-tooltip-class='av-tt-default-width above  av-mobile-fallback-active  main_color av-tt-hotspot' data-avia-tooltip='' style='top: 61.9%; left: 39.6%; '><div class='av-image-hotspot_inner' style=' '>5<\/div><div class='av-image-hotspot-pulse' ><\/div><\/div><div class='av-image-hotspot av-image-hotspot-6' data-avia-tooltip-position='top' data-avia-tooltip-alignment='centered' data-avia-tooltip-class='av-tt-default-width above  av-mobile-fallback-active  main_color av-tt-hotspot' data-avia-tooltip='' style='top: 35.7%; left: 49%; '><div class='av-image-hotspot_inner' style=' '>6<\/div><div class='av-image-hotspot-pulse' ><\/div><\/div><div class='av-image-hotspot av-image-hotspot-7' data-avia-tooltip-position='top' data-avia-tooltip-alignment='centered' data-avia-tooltip-class='av-tt-default-width above  av-mobile-fallback-active  main_color av-tt-hotspot' data-avia-tooltip='' style='top: 57.1%; left: 65.3%; '><div class='av-image-hotspot_inner' style=' '>7<\/div><div class='av-image-hotspot-pulse' ><\/div><\/div><div class='av-image-hotspot av-image-hotspot-8' data-avia-tooltip-position='top' data-avia-tooltip-alignment='centered' data-avia-tooltip-class='av-tt-default-width above  av-mobile-fallback-active  main_color av-tt-hotspot' data-avia-tooltip='' style='top: 39.7%; left: 68.3%; '><div class='av-image-hotspot_inner' style=' '>8<\/div><div class='av-image-hotspot-pulse' ><\/div><\/div><div class='av-image-hotspot av-image-hotspot-9' data-avia-tooltip-position='top' data-avia-tooltip-alignment='centered' data-avia-tooltip-class='av-tt-default-width above  av-mobile-fallback-active  main_color av-tt-hotspot' data-avia-tooltip='' style='top: 43.6%; left: 74.7%; '><div class='av-image-hotspot_inner' style=' '>9<\/div><div class='av-image-hotspot-pulse' ><\/div><\/div><div class='av-image-hotspot av-image-hotspot-10' data-avia-tooltip-position='top' data-avia-tooltip-alignment='centered' data-avia-tooltip-class='av-tt-default-width above  av-mobile-fallback-active  main_color av-tt-hotspot' data-avia-tooltip='' style='top: 29.3%; left: 77.3%; '><div class='av-image-hotspot_inner' style=' '>10<\/div><div class='av-image-hotspot-pulse' ><\/div><\/div><img class='avia_image' src='https:\/\/evoli.fr\/wp-content\/uploads\/2019\/09\/usine_complete-1500x630.png' alt='Model 3D d&#039;une usine cl\u00e9 en main' title='usine_complete'  height=\"630\" width=\"1500\"  itemprop=\"thumbnailUrl\"  \/><\/div><\/div><\/div><\/div><\/div><\/p>","protected":false},"excerpt":{"rendered":"","protected":false},"author":1,"featured_media":0,"parent":0,"menu_order":0,"comment_status":"closed","ping_status":"closed","template":"","meta":[],"yoast_head":"<!-- This site is optimized with the Yoast SEO plugin v16.4 - https:\/\/yoast.com\/wordpress\/plugins\/seo\/ -->\n<title>Evoli, Expert en technologies fromag\u00e8res - Notre offre - cl\u00e9s en mains<\/title>\n<meta name=\"description\" content=\"Nous proposons l\u2019int\u00e9gration compl\u00e8te de votre ligne de production depuis la mise en \u0153uvre de l\u2019atelier unitaire jusqu\u2019\u00e0 l\u2019usine de production.\" \/>\n<meta name=\"robots\" content=\"index, follow, max-snippet:-1, max-image-preview:large, max-video-preview:-1\" \/>\n<link rel=\"canonical\" href=\"https:\/\/evoli.fr\/pt\/cle-en-main\/\" \/>\n<meta property=\"og:locale\" content=\"pt_BR\" \/>\n<meta property=\"og:type\" content=\"article\" \/>\n<meta property=\"og:title\" content=\"Evoli, Expert en technologies fromag\u00e8res - Notre offre - cl\u00e9s en mains\" \/>\n<meta property=\"og:description\" content=\"Nous proposons l\u2019int\u00e9gration compl\u00e8te de votre ligne de production depuis la mise en \u0153uvre de l\u2019atelier unitaire jusqu\u2019\u00e0 l\u2019usine de production.\" \/>\n<meta property=\"og:url\" content=\"https:\/\/evoli.fr\/pt\/cle-en-main\/\" \/>\n<meta property=\"og:site_name\" content=\"Evoli - groupe Steap Stailor\" \/>\n<meta property=\"article:modified_time\" content=\"2020-01-02T14:53:54+00:00\" \/>\n<meta name=\"twitter:card\" content=\"summary_large_image\" \/>\n<meta name=\"twitter:label1\" content=\"Est. tempo de leitura\" \/>\n\t<meta name=\"twitter:data1\" content=\"12 minutos\" \/>\n<script type=\"application\/ld+json\" class=\"yoast-schema-graph\">{\"@context\":\"https:\/\/schema.org\",\"@graph\":[{\"@type\":\"WebSite\",\"@id\":\"https:\/\/evoli.fr\/#website\",\"url\":\"https:\/\/evoli.fr\/\",\"name\":\"Evoli - groupe Steap Stailor\",\"description\":\"Expert en technologies fromag\\u00e8res\",\"potentialAction\":[{\"@type\":\"SearchAction\",\"target\":\"https:\/\/evoli.fr\/?s={search_term_string}\",\"query-input\":\"required name=search_term_string\"}],\"inLanguage\":\"pt-BR\"},{\"@type\":\"WebPage\",\"@id\":\"https:\/\/evoli.fr\/cle-en-main\/#webpage\",\"url\":\"https:\/\/evoli.fr\/cle-en-main\/\",\"name\":\"Evoli, Expert en technologies fromag\\u00e8res - Notre offre - cl\\u00e9s en mains\",\"isPartOf\":{\"@id\":\"https:\/\/evoli.fr\/#website\"},\"datePublished\":\"2019-09-24T12:58:26+00:00\",\"dateModified\":\"2020-01-02T14:53:54+00:00\",\"description\":\"Nous proposons l\\u2019int\\u00e9gration compl\\u00e8te de votre ligne de production depuis la mise en \\u0153uvre de l\\u2019atelier unitaire jusqu\\u2019\\u00e0 l\\u2019usine de production.\",\"breadcrumb\":{\"@id\":\"https:\/\/evoli.fr\/cle-en-main\/#breadcrumb\"},\"inLanguage\":\"pt-BR\",\"potentialAction\":[{\"@type\":\"ReadAction\",\"target\":[\"https:\/\/evoli.fr\/cle-en-main\/\"]}]},{\"@type\":\"BreadcrumbList\",\"@id\":\"https:\/\/evoli.fr\/cle-en-main\/#breadcrumb\",\"itemListElement\":[{\"@type\":\"ListItem\",\"position\":1,\"item\":{\"@type\":\"WebPage\",\"@id\":\"https:\/\/evoli.fr\/\",\"url\":\"https:\/\/evoli.fr\/\",\"name\":\"Accueil\"}},{\"@type\":\"ListItem\",\"position\":2,\"item\":{\"@id\":\"https:\/\/evoli.fr\/cle-en-main\/#webpage\"}}]}]}<\/script>\n<!-- \/ Yoast SEO plugin. -->","_links":{"self":[{"href":"https:\/\/evoli.fr\/pt\/wp-json\/wp\/v2\/pages\/413"}],"collection":[{"href":"https:\/\/evoli.fr\/pt\/wp-json\/wp\/v2\/pages"}],"about":[{"href":"https:\/\/evoli.fr\/pt\/wp-json\/wp\/v2\/types\/page"}],"author":[{"embeddable":true,"href":"https:\/\/evoli.fr\/pt\/wp-json\/wp\/v2\/users\/1"}],"replies":[{"embeddable":true,"href":"https:\/\/evoli.fr\/pt\/wp-json\/wp\/v2\/comments?post=413"}],"version-history":[{"count":8,"href":"https:\/\/evoli.fr\/pt\/wp-json\/wp\/v2\/pages\/413\/revisions"}],"predecessor-version":[{"id":1864,"href":"https:\/\/evoli.fr\/pt\/wp-json\/wp\/v2\/pages\/413\/revisions\/1864"}],"wp:attachment":[{"href":"https:\/\/evoli.fr\/pt\/wp-json\/wp\/v2\/media?parent=413"}],"curies":[{"name":"wp","href":"https:\/\/api.w.org\/{rel}","templated":true}]}}