{"id":1421,"date":"2019-10-04T14:39:50","date_gmt":"2019-10-04T14:39:50","guid":{"rendered":"https:\/\/evoli.fr\/?page_id=1421"},"modified":"2019-12-10T10:34:03","modified_gmt":"2019-12-10T10:34:03","slug":"mentions-legales","status":"publish","type":"page","link":"https:\/\/evoli.fr\/ru\/mentions-legales\/","title":{"rendered":"\u0417\u0430\u043a\u043e\u043d\u043e\u0434\u0430\u0442\u0435\u043b\u044c\u043d\u044b\u0435 \u043e\u0441\u043d\u043e\u0432\u044b"},"content":{"rendered":"<div id='av_section_1'  class='avia-section main_color avia-section-default avia-no-border-styling avia-bg-style-scroll  avia-builder-el-0  avia-builder-el-no-sibling  bloc-qsn-acc  container_wrap fullsize' style=' '  ><div class='container' ><main  role=\"main\" itemprop=\"mainContentOfPage\"  class='template-page content  av-content-full alpha units'><div class='post-entry post-entry-type-page post-entry-1421'><div class='entry-content-wrapper clearfix'>\n<div class=\"flex_column av_one_full  flex_column_div av-zero-column-padding first  avia-builder-el-1  avia-builder-el-no-sibling\" style='border-radius:0px; '><p><div  style='padding-bottom:10px; ' class='av-special-heading av-special-heading-h2  blockquote modern-quote  avia-builder-el-2  el_before_av_hr  avia-builder-el-first'><h2 class='av-special-heading-tag'  itemprop=\"headline\"  >\u0417\u0430\u043a\u043e\u043d\u043e\u0434\u0430\u0442\u0435\u043b\u044c\u043d\u044b\u0435 \u043e\u0441\u043d\u043e\u0432\u044b<\/h2><div class='special-heading-border'><div class='special-heading-inner-border' ><\/div><\/div><\/div><br \/>\n<div   class='hr hr-default   avia-builder-el-3  el_after_av_heading  el_before_av_textblock'><span class='hr-inner' ><span class='hr-inner-style'><\/span><\/span><\/div><br \/>\n<section class=\"av_textblock_section\"  itemscope=\"itemscope\" itemtype=\"https:\/\/schema.org\/CreativeWork\" ><div class='avia_textblock'   itemprop=\"text\" ><p><span style=\"color: #000000;\"><strong>SOCIETE EVOLI<\/strong><\/span><\/p>\n<p><strong>Forme juridique<\/strong> : SAS<\/p>\n<p><strong>Capital social<\/strong> : 150 000 \u20ac<\/p>\n<p><strong>Num\u00e9ro d\u2019identification Siret<\/strong> : 341818904 00037<\/p>\n<p><strong>Num\u00e9ro d\u2019APE<\/strong> : 3320B<\/p>\n<p><strong>Directeur de la publication<\/strong> : Monsieur Fabrice Chabut<\/p>\n<p><strong>H\u00e9bergement<\/strong> : Plesk<\/p>\n<p>Avertissement relatif aux informations contenues sur le site<\/p>\n<p>Ce site www.evoli.fr est destin\u00e9 aux professionnels. Les donn\u00e9es communiqu\u00e9es sur ce site sont fournies \u00e0 simple titre d\u2019information et doivent \u00eatre trait\u00e9es comme telles. Ce site n\u2019est mis \u00e0 jour que de mani\u00e8re ponctuelle et \u00e0 la seule discr\u00e9tion de la soci\u00e9t\u00e9 Evoli SAS. A ce titre, les renseignements qui y figurent ne sont valables qu\u2019au jour de leur r\u00e9daction, ou le cas \u00e9ch\u00e9ant, de leur diffusion. La soci\u00e9t\u00e9 Evoli SAS ne donne aucune garantie quant \u00e0 l\u2019exactitude des donn\u00e9es et se garde le droit de les modifier, partiellement ou totalement, \u00e0 tout moment, sans pr\u00e9avis, tant en termes de contenus, de fonctionnalit\u00e9s qu\u2019en fonction de l\u2019\u00e9volution de la technologie. La langue officielle de ce site est le fran\u00e7ais. La soci\u00e9t\u00e9 Evoli SAS d\u00e9cline toute responsabilit\u00e9 concernant les \u00e9ventuelles approximations de traduction dans une autre langue. Ce site est soumis au droit fran\u00e7ais et \u00e0 la comp\u00e9tence des juridictions fran\u00e7aises.<\/p>\n<\/div><\/section><\/p><\/div>","protected":false},"excerpt":{"rendered":"","protected":false},"author":1,"featured_media":0,"parent":0,"menu_order":0,"comment_status":"closed","ping_status":"closed","template":"","meta":[],"yoast_head":"<!-- This site is optimized with the Yoast SEO plugin v16.4 - https:\/\/yoast.com\/wordpress\/plugins\/seo\/ -->\n<title>Evoli, Expert en technologies fromag\u00e8res - Mentions l\u00e9gales<\/title>\n<meta name=\"description\" content=\"Ce site www.evoli.fr est destin\u00e9 aux professionnels.\" \/>\n<meta name=\"robots\" content=\"index, follow, max-snippet:-1, max-image-preview:large, max-video-preview:-1\" \/>\n<link rel=\"canonical\" href=\"https:\/\/evoli.fr\/ru\/mentions-legales\/\" \/>\n<meta property=\"og:locale\" content=\"ru_RU\" \/>\n<meta property=\"og:type\" content=\"article\" \/>\n<meta property=\"og:title\" content=\"Evoli, Expert en technologies fromag\u00e8res - Mentions l\u00e9gales\" \/>\n<meta property=\"og:description\" content=\"Ce site www.evoli.fr est destin\u00e9 aux professionnels.\" \/>\n<meta property=\"og:url\" content=\"https:\/\/evoli.fr\/ru\/mentions-legales\/\" \/>\n<meta property=\"og:site_name\" content=\"Evoli - groupe Steap Stailor\" \/>\n<meta property=\"article:modified_time\" content=\"2019-12-10T10:34:03+00:00\" \/>\n<meta name=\"twitter:card\" content=\"summary_large_image\" \/>\n<meta name=\"twitter:label1\" content=\"\u041f\u0440\u0438\u043c\u0435\u0440\u043d\u043e\u0435 \u0432\u0440\u0435\u043c\u044f \u0434\u043b\u044f \u0447\u0442\u0435\u043d\u0438\u044f\" \/>\n\t<meta name=\"twitter:data1\" content=\"3 \u043c\u0438\u043d\u0443\u0442\u044b\" \/>\n<script type=\"application\/ld+json\" class=\"yoast-schema-graph\">{\"@context\":\"https:\/\/schema.org\",\"@graph\":[{\"@type\":\"WebSite\",\"@id\":\"https:\/\/evoli.fr\/#website\",\"url\":\"https:\/\/evoli.fr\/\",\"name\":\"Evoli - groupe Steap Stailor\",\"description\":\"Expert en technologies fromag\\u00e8res\",\"potentialAction\":[{\"@type\":\"SearchAction\",\"target\":\"https:\/\/evoli.fr\/?s={search_term_string}\",\"query-input\":\"required name=search_term_string\"}],\"inLanguage\":\"ru-RU\"},{\"@type\":\"WebPage\",\"@id\":\"https:\/\/evoli.fr\/mentions-legales\/#webpage\",\"url\":\"https:\/\/evoli.fr\/mentions-legales\/\",\"name\":\"Evoli, Expert en technologies fromag\\u00e8res - Mentions l\\u00e9gales\",\"isPartOf\":{\"@id\":\"https:\/\/evoli.fr\/#website\"},\"datePublished\":\"2019-10-04T14:39:50+00:00\",\"dateModified\":\"2019-12-10T10:34:03+00:00\",\"description\":\"Ce site www.evoli.fr est destin\\u00e9 aux professionnels.\",\"breadcrumb\":{\"@id\":\"https:\/\/evoli.fr\/mentions-legales\/#breadcrumb\"},\"inLanguage\":\"ru-RU\",\"potentialAction\":[{\"@type\":\"ReadAction\",\"target\":[\"https:\/\/evoli.fr\/mentions-legales\/\"]}]},{\"@type\":\"BreadcrumbList\",\"@id\":\"https:\/\/evoli.fr\/mentions-legales\/#breadcrumb\",\"itemListElement\":[{\"@type\":\"ListItem\",\"position\":1,\"item\":{\"@type\":\"WebPage\",\"@id\":\"https:\/\/evoli.fr\/\",\"url\":\"https:\/\/evoli.fr\/\",\"name\":\"Accueil\"}},{\"@type\":\"ListItem\",\"position\":2,\"item\":{\"@id\":\"https:\/\/evoli.fr\/mentions-legales\/#webpage\"}}]}]}<\/script>\n<!-- \/ Yoast SEO plugin. -->","_links":{"self":[{"href":"https:\/\/evoli.fr\/ru\/wp-json\/wp\/v2\/pages\/1421"}],"collection":[{"href":"https:\/\/evoli.fr\/ru\/wp-json\/wp\/v2\/pages"}],"about":[{"href":"https:\/\/evoli.fr\/ru\/wp-json\/wp\/v2\/types\/page"}],"author":[{"embeddable":true,"href":"https:\/\/evoli.fr\/ru\/wp-json\/wp\/v2\/users\/1"}],"replies":[{"embeddable":true,"href":"https:\/\/evoli.fr\/ru\/wp-json\/wp\/v2\/comments?post=1421"}],"version-history":[{"count":2,"href":"https:\/\/evoli.fr\/ru\/wp-json\/wp\/v2\/pages\/1421\/revisions"}],"predecessor-version":[{"id":1423,"href":"https:\/\/evoli.fr\/ru\/wp-json\/wp\/v2\/pages\/1421\/revisions\/1423"}],"wp:attachment":[{"href":"https:\/\/evoli.fr\/ru\/wp-json\/wp\/v2\/media?parent=1421"}],"curies":[{"name":"wp","href":"https:\/\/api.w.org\/{rel}","templated":true}]}}